{"id":354,"date":"2025-01-13T15:52:50","date_gmt":"2025-01-13T15:52:50","guid":{"rendered":"https:\/\/www.trustdev.info\/services\/web-and-mobile-development-solutions-2\/"},"modified":"2025-02-14T11:41:38","modified_gmt":"2025-02-14T11:41:38","slug":"solutions-de-developpement-web-et-mobile","status":"publish","type":"page","link":"https:\/\/www.trustdev.info\/fr\/services\/solutions-de-developpement-web-et-mobile\/","title":{"rendered":"Solutions de d\u00e9veloppement web et mobile"},"content":{"rendered":"<div class=\"wpb-content-wrapper\"><p>[vc_section][vc_row][vc_column width=\u00a0\u00bb1\/12&Prime;][\/vc_column][vc_column width=\u00a0\u00bb10\/12&Prime;][vc_column_text css=\u00a0\u00bb\u00a0\u00bb el_class=\u00a0\u00bbcenter_title mob_m2&Prime;]<\/p>\n<h2>Explorez notre expertise : des services qui propulsent votre entreprise<\/h2>\n<p>[\/vc_column_text]<div class=\"cz_gap clr  hide_on_mobile\" style=\"height: 50px\"><\/div><div class=\"cz_gap show_on_mobile clr\" style=\"height: 0px\"><\/div>[vc_row_inner content_placement=\u00a0\u00bbmiddle\u00a0\u00bb][vc_column_inner el_class=\u00a0\u00bbtxt2&Prime; width=\u00a0\u00bb1\/2&Prime;][vc_column_text css=\u00a0\u00bb\u00a0\u00bb]<\/p>\n<h3>Solutions de d\u00e9veloppement web et mobile<\/h3>\n<p>Nous cr\u00e9ons des applications web et mobiles innovantes, parfaitement adapt\u00e9es aux besoins uniques de votre entreprise. Nos experts assurent des solutions conviviales, performantes et \u00e0 la pointe de la technologie, pour vous aider \u00e0 rester comp\u00e9titif, optimiser vos processus et atteindre vos objectifs avec efficacit\u00e9 et succ\u00e8s.[\/vc_column_text][\/vc_column_inner][vc_column_inner width=\u00a0\u00bb1\/2&Prime;]<div class=\"cz_gap clr  hide_on_mobile\" style=\"height: 0px\"><\/div><div class=\"cz_gap show_on_mobile clr\" style=\"height: 50px\"><\/div><div id=\"cz_39001\" class=\"cz_39001 cz_image clr cz_image_no_fx center_on_mobile\"><div class=\"\" ><div class=\"cz_image_in\"><div class=\"cz_main_image\"><img decoding=\"async\" width=\"471\" height=\"432\" src=\"https:\/\/www.trustdev.info\/wp-content\/uploads\/2025\/01\/Web-and-Mobile-Development-Solutions.png\" class=\"attachment-full\" alt=\"\" title=\"Web and Mobile Development Solutions\" srcset=\"https:\/\/www.trustdev.info\/wp-content\/uploads\/2025\/01\/Web-and-Mobile-Development-Solutions.png 471w, https:\/\/www.trustdev.info\/wp-content\/uploads\/2025\/01\/Web-and-Mobile-Development-Solutions-300x275.png 300w\" sizes=\"(max-width: 471px) 100vw, 471px\" \/><\/div><\/div><\/div><\/div>[\/vc_column_inner][\/vc_row_inner]<div class=\"cz_gap clr  hide_on_mobile\" style=\"height: 120px\"><\/div><div class=\"cz_gap show_on_mobile clr\" style=\"height: 50px\"><\/div>[vc_row_inner content_placement=\u00a0\u00bbmiddle\u00a0\u00bb el_class=\u00a0\u00bbmob_inverse\u00a0\u00bb][vc_column_inner width=\u00a0\u00bb1\/2&Prime;]<div class=\"cz_gap clr  hide_on_mobile\" style=\"height: 0px\"><\/div><div class=\"cz_gap show_on_mobile clr\" style=\"height: 50px\"><\/div><div id=\"cz_65887\" class=\"cz_65887 cz_image clr cz_image_no_fx center_on_mobile\"><div class=\"\" ><div class=\"cz_image_in\"><div class=\"cz_main_image\"><img decoding=\"async\" width=\"471\" height=\"432\" src=\"https:\/\/www.trustdev.info\/wp-content\/uploads\/2025\/01\/web-mobile.png\" class=\"attachment-full\" alt=\"\" title=\"web-mobile\" srcset=\"https:\/\/www.trustdev.info\/wp-content\/uploads\/2025\/01\/web-mobile.png 471w, https:\/\/www.trustdev.info\/wp-content\/uploads\/2025\/01\/web-mobile-300x275.png 300w\" sizes=\"(max-width: 471px) 100vw, 471px\" \/><\/div><\/div><\/div><\/div>[\/vc_column_inner][vc_column_inner el_class=\u00a0\u00bbtxt2&Prime; width=\u00a0\u00bb1\/2&Prime;][vc_column_text css=\u00a0\u00bb\u00a0\u00bb]<\/p>\n<h3>Solutions web et mobiles sur mesure pour votre entreprise.<\/h3>\n<p>Chez Trustdev, nous proposons des solutions web et mobiles sur mesure pour votre entreprise, afin de vous aider \u00e0 prosp\u00e9rer dans un monde num\u00e9rique en constante \u00e9volution. Nos d\u00e9veloppeurs exp\u00e9riment\u00e9s cr\u00e9ent des applications personnalis\u00e9es qui r\u00e9pondent \u00e0 vos objectifs commerciaux et am\u00e9liorent l&rsquo;engagement des utilisateurs.[\/vc_column_text]<div class=\"\"><div class=\"cz_85605_p\"><a id=\"cz_85605\" class=\"cz_85605 cz_btn cz_btn_txt_no_fx cz_btn_no_fx cz_mobile_btn_center\" href=\"\/contact-us\/\" title=\"Contact us\" aria-label=\"Contact us\"><span><strong>Lancez un projet<\/strong><\/span><b class=\"cz_btn_onhover\"><strong>Lancez un projet<\/strong><\/b><\/a><\/div><\/div>[\/vc_column_inner][\/vc_row_inner]<div class=\"cz_gap clr  hide_on_mobile\" style=\"height: 120px\"><\/div><div class=\"cz_gap show_on_mobile clr\" style=\"height: 50px\"><\/div>[vc_column_text css=\u00a0\u00bb\u00a0\u00bb el_class=\u00a0\u00bbcenter_title mob_m2&Prime;]<\/p>\n<h2>Trustdev : Transformer les id\u00e9es en solutions digitales<\/h2>\n<p>[\/vc_column_text]<div id=\"cz_46957\" class=\"cz_46957 cz_image clr cz_image_no_fx center_on_mobile\"><div class=\"\" ><div class=\"cz_image_in\"><div class=\"cz_main_image\"><img decoding=\"async\" width=\"979\" height=\"634\" src=\"https:\/\/www.trustdev.info\/wp-content\/uploads\/2025\/02\/Group-1597883230.png\" class=\"attachment-full\" alt=\"\" title=\"Group 1597883230\" srcset=\"https:\/\/www.trustdev.info\/wp-content\/uploads\/2025\/02\/Group-1597883230.png 979w, https:\/\/www.trustdev.info\/wp-content\/uploads\/2025\/02\/Group-1597883230-300x194.png 300w, https:\/\/www.trustdev.info\/wp-content\/uploads\/2025\/02\/Group-1597883230-768x497.png 768w, https:\/\/www.trustdev.info\/wp-content\/uploads\/2025\/02\/Group-1597883230-600x389.png 600w\" sizes=\"(max-width: 979px) 100vw, 979px\" \/><\/div><\/div><\/div><\/div><div class=\"cz_gap clr  hide_on_mobile\" style=\"height: 50px\"><\/div><div class=\"cz_gap show_on_mobile clr\" style=\"height: 50px\"><\/div>[\/vc_column][vc_column width=\u00a0\u00bb1\/12&Prime;][\/vc_column][\/vc_row][\/vc_section]<\/p>\n<\/div>","protected":false},"excerpt":{"rendered":"<p>[vc_section][vc_row][vc_column width=\u00a0\u00bb1\/12&Prime;][\/vc_column][vc_column width=\u00a0\u00bb10\/12&Prime;][vc_column_text css=\u00a0\u00bb\u00a0\u00bb el_class=\u00a0\u00bbcenter_title mob_m2&Prime;] Explorez notre expertise : des &#8230; <\/p>\n","protected":false},"author":1,"featured_media":0,"parent":344,"menu_order":0,"comment_status":"closed","ping_status":"closed","template":"","meta":{"footnotes":""},"class_list":["post-354","page","type-page","status-publish","hentry"],"yoast_head":"<!-- This site is optimized with the Yoast SEO plugin v24.2 - https:\/\/yoast.com\/wordpress\/plugins\/seo\/ -->\n<title>Solutions de d\u00e9veloppement web et mobile - Trustdev<\/title>\n<meta name=\"description\" content=\"D\u00e9couvrez les solutions web et mobile sur mesure de Trustdev pour optimiser l&#039;engagement et la performance de votre entreprise.\" \/>\n<meta name=\"robots\" content=\"index, follow, max-snippet:-1, max-image-preview:large, max-video-preview:-1\" \/>\n<link rel=\"canonical\" href=\"https:\/\/www.trustdev.info\/fr\/services\/solutions-de-developpement-web-et-mobile\/\" \/>\n<meta property=\"og:locale\" content=\"fr_FR\" \/>\n<meta property=\"og:type\" content=\"article\" \/>\n<meta property=\"og:title\" content=\"Solutions de d\u00e9veloppement web et mobile - Trustdev\" \/>\n<meta property=\"og:description\" content=\"D\u00e9couvrez les solutions web et mobile sur mesure de Trustdev pour optimiser l&#039;engagement et la performance de votre entreprise.\" \/>\n<meta property=\"og:url\" content=\"https:\/\/www.trustdev.info\/fr\/services\/solutions-de-developpement-web-et-mobile\/\" \/>\n<meta property=\"og:site_name\" content=\"Trustdev\" \/>\n<meta property=\"article:publisher\" content=\"https:\/\/www.facebook.com\/trustdev.info\" \/>\n<meta property=\"article:modified_time\" content=\"2025-02-14T11:41:38+00:00\" \/>\n<meta name=\"twitter:card\" content=\"summary_large_image\" \/>\n<meta name=\"twitter:label1\" content=\"Est. reading time\" \/>\n\t<meta name=\"twitter:data1\" content=\"1 minute\" \/>\n<script type=\"application\/ld+json\" class=\"yoast-schema-graph\">{\"@context\":\"https:\/\/schema.org\",\"@graph\":[{\"@type\":\"WebPage\",\"@id\":\"https:\/\/www.trustdev.info\/fr\/services\/solutions-de-developpement-web-et-mobile\/\",\"url\":\"https:\/\/www.trustdev.info\/fr\/services\/solutions-de-developpement-web-et-mobile\/\",\"name\":\"Solutions de d\u00e9veloppement web et mobile - Trustdev\",\"isPartOf\":{\"@id\":\"https:\/\/www.trustdev.info\/#website\"},\"datePublished\":\"2025-01-13T15:52:50+00:00\",\"dateModified\":\"2025-02-14T11:41:38+00:00\",\"description\":\"D\u00e9couvrez les solutions web et mobile sur mesure de Trustdev pour optimiser l'engagement et la performance de votre entreprise.\",\"breadcrumb\":{\"@id\":\"https:\/\/www.trustdev.info\/fr\/services\/solutions-de-developpement-web-et-mobile\/#breadcrumb\"},\"inLanguage\":\"fr-FR\",\"potentialAction\":[{\"@type\":\"ReadAction\",\"target\":[\"https:\/\/www.trustdev.info\/fr\/services\/solutions-de-developpement-web-et-mobile\/\"]}]},{\"@type\":\"BreadcrumbList\",\"@id\":\"https:\/\/www.trustdev.info\/fr\/services\/solutions-de-developpement-web-et-mobile\/#breadcrumb\",\"itemListElement\":[{\"@type\":\"ListItem\",\"position\":1,\"name\":\"Home\",\"item\":\"https:\/\/www.trustdev.info\/fr\/\"},{\"@type\":\"ListItem\",\"position\":2,\"name\":\"Services\",\"item\":\"https:\/\/www.trustdev.info\/fr\/services\/\"},{\"@type\":\"ListItem\",\"position\":3,\"name\":\"Solutions de d\u00e9veloppement web et mobile\"}]},{\"@type\":\"WebSite\",\"@id\":\"https:\/\/www.trustdev.info\/#website\",\"url\":\"https:\/\/www.trustdev.info\/\",\"name\":\"Trustdev\",\"description\":\"\",\"publisher\":{\"@id\":\"https:\/\/www.trustdev.info\/#organization\"},\"potentialAction\":[{\"@type\":\"SearchAction\",\"target\":{\"@type\":\"EntryPoint\",\"urlTemplate\":\"https:\/\/www.trustdev.info\/?s={search_term_string}\"},\"query-input\":{\"@type\":\"PropertyValueSpecification\",\"valueRequired\":true,\"valueName\":\"search_term_string\"}}],\"inLanguage\":\"fr-FR\"},{\"@type\":\"Organization\",\"@id\":\"https:\/\/www.trustdev.info\/#organization\",\"name\":\"Trustdev\",\"url\":\"https:\/\/www.trustdev.info\/\",\"logo\":{\"@type\":\"ImageObject\",\"inLanguage\":\"fr-FR\",\"@id\":\"https:\/\/www.trustdev.info\/#\/schema\/logo\/image\/\",\"url\":\"https:\/\/www.trustdev.info\/wp-content\/uploads\/2025\/01\/trustdev.png\",\"contentUrl\":\"https:\/\/www.trustdev.info\/wp-content\/uploads\/2025\/01\/trustdev.png\",\"width\":305,\"height\":110,\"caption\":\"Trustdev\"},\"image\":{\"@id\":\"https:\/\/www.trustdev.info\/#\/schema\/logo\/image\/\"},\"sameAs\":[\"https:\/\/www.facebook.com\/trustdev.info\",\"https:\/\/www.linkedin.com\/company\/trustdev-co\/\"]}]}<\/script>\n<!-- \/ Yoast SEO plugin. -->","yoast_head_json":{"title":"Solutions de d\u00e9veloppement web et mobile - Trustdev","description":"D\u00e9couvrez les solutions web et mobile sur mesure de Trustdev pour optimiser l'engagement et la performance de votre entreprise.","robots":{"index":"index","follow":"follow","max-snippet":"max-snippet:-1","max-image-preview":"max-image-preview:large","max-video-preview":"max-video-preview:-1"},"canonical":"https:\/\/www.trustdev.info\/fr\/services\/solutions-de-developpement-web-et-mobile\/","og_locale":"fr_FR","og_type":"article","og_title":"Solutions de d\u00e9veloppement web et mobile - Trustdev","og_description":"D\u00e9couvrez les solutions web et mobile sur mesure de Trustdev pour optimiser l'engagement et la performance de votre entreprise.","og_url":"https:\/\/www.trustdev.info\/fr\/services\/solutions-de-developpement-web-et-mobile\/","og_site_name":"Trustdev","article_publisher":"https:\/\/www.facebook.com\/trustdev.info","article_modified_time":"2025-02-14T11:41:38+00:00","twitter_card":"summary_large_image","twitter_misc":{"Est. reading time":"1 minute"},"schema":{"@context":"https:\/\/schema.org","@graph":[{"@type":"WebPage","@id":"https:\/\/www.trustdev.info\/fr\/services\/solutions-de-developpement-web-et-mobile\/","url":"https:\/\/www.trustdev.info\/fr\/services\/solutions-de-developpement-web-et-mobile\/","name":"Solutions de d\u00e9veloppement web et mobile - Trustdev","isPartOf":{"@id":"https:\/\/www.trustdev.info\/#website"},"datePublished":"2025-01-13T15:52:50+00:00","dateModified":"2025-02-14T11:41:38+00:00","description":"D\u00e9couvrez les solutions web et mobile sur mesure de Trustdev pour optimiser l'engagement et la performance de votre entreprise.","breadcrumb":{"@id":"https:\/\/www.trustdev.info\/fr\/services\/solutions-de-developpement-web-et-mobile\/#breadcrumb"},"inLanguage":"fr-FR","potentialAction":[{"@type":"ReadAction","target":["https:\/\/www.trustdev.info\/fr\/services\/solutions-de-developpement-web-et-mobile\/"]}]},{"@type":"BreadcrumbList","@id":"https:\/\/www.trustdev.info\/fr\/services\/solutions-de-developpement-web-et-mobile\/#breadcrumb","itemListElement":[{"@type":"ListItem","position":1,"name":"Home","item":"https:\/\/www.trustdev.info\/fr\/"},{"@type":"ListItem","position":2,"name":"Services","item":"https:\/\/www.trustdev.info\/fr\/services\/"},{"@type":"ListItem","position":3,"name":"Solutions de d\u00e9veloppement web et mobile"}]},{"@type":"WebSite","@id":"https:\/\/www.trustdev.info\/#website","url":"https:\/\/www.trustdev.info\/","name":"Trustdev","description":"","publisher":{"@id":"https:\/\/www.trustdev.info\/#organization"},"potentialAction":[{"@type":"SearchAction","target":{"@type":"EntryPoint","urlTemplate":"https:\/\/www.trustdev.info\/?s={search_term_string}"},"query-input":{"@type":"PropertyValueSpecification","valueRequired":true,"valueName":"search_term_string"}}],"inLanguage":"fr-FR"},{"@type":"Organization","@id":"https:\/\/www.trustdev.info\/#organization","name":"Trustdev","url":"https:\/\/www.trustdev.info\/","logo":{"@type":"ImageObject","inLanguage":"fr-FR","@id":"https:\/\/www.trustdev.info\/#\/schema\/logo\/image\/","url":"https:\/\/www.trustdev.info\/wp-content\/uploads\/2025\/01\/trustdev.png","contentUrl":"https:\/\/www.trustdev.info\/wp-content\/uploads\/2025\/01\/trustdev.png","width":305,"height":110,"caption":"Trustdev"},"image":{"@id":"https:\/\/www.trustdev.info\/#\/schema\/logo\/image\/"},"sameAs":["https:\/\/www.facebook.com\/trustdev.info","https:\/\/www.linkedin.com\/company\/trustdev-co\/"]}]}},"_links":{"self":[{"href":"https:\/\/www.trustdev.info\/fr\/wp-json\/wp\/v2\/pages\/354","targetHints":{"allow":["GET"]}}],"collection":[{"href":"https:\/\/www.trustdev.info\/fr\/wp-json\/wp\/v2\/pages"}],"about":[{"href":"https:\/\/www.trustdev.info\/fr\/wp-json\/wp\/v2\/types\/page"}],"author":[{"embeddable":true,"href":"https:\/\/www.trustdev.info\/fr\/wp-json\/wp\/v2\/users\/1"}],"replies":[{"embeddable":true,"href":"https:\/\/www.trustdev.info\/fr\/wp-json\/wp\/v2\/comments?post=354"}],"version-history":[{"count":8,"href":"https:\/\/www.trustdev.info\/fr\/wp-json\/wp\/v2\/pages\/354\/revisions"}],"predecessor-version":[{"id":477,"href":"https:\/\/www.trustdev.info\/fr\/wp-json\/wp\/v2\/pages\/354\/revisions\/477"}],"up":[{"embeddable":true,"href":"https:\/\/www.trustdev.info\/fr\/wp-json\/wp\/v2\/pages\/344"}],"wp:attachment":[{"href":"https:\/\/www.trustdev.info\/fr\/wp-json\/wp\/v2\/media?parent=354"}],"curies":[{"name":"wp","href":"https:\/\/api.w.org\/{rel}","templated":true}]}}