{"id":350,"date":"2025-01-13T16:05:51","date_gmt":"2025-01-13T16:05:51","guid":{"rendered":"https:\/\/www.trustdev.info\/services\/artificial-intelligence-solution\/"},"modified":"2025-02-14T11:42:37","modified_gmt":"2025-02-14T11:42:37","slug":"solutions-dintelligence-artificielle","status":"publish","type":"page","link":"https:\/\/www.trustdev.info\/fr\/services\/solutions-dintelligence-artificielle\/","title":{"rendered":"Solutions d&rsquo;intelligence artificielle"},"content":{"rendered":"<div class=\"wpb-content-wrapper\"><p>[vc_section][vc_row][vc_column width=\u00a0\u00bb1\/12&Prime;][\/vc_column][vc_column width=\u00a0\u00bb10\/12&Prime;][vc_column_text css=\u00a0\u00bb\u00a0\u00bb el_class=\u00a0\u00bbcenter_title mob_m2&Prime;]<\/p>\n<h2>Explorez notre expertise : des services qui propulsent votre entreprise<\/h2>\n<p>[\/vc_column_text]<div class=\"cz_gap clr  hide_on_mobile\" style=\"height: 50px\"><\/div><div class=\"cz_gap show_on_mobile clr\" style=\"height: 0px\"><\/div>[vc_row_inner content_placement=\u00a0\u00bbmiddle\u00a0\u00bb][vc_column_inner el_class=\u00a0\u00bbtxt2&Prime; width=\u00a0\u00bb1\/2&Prime;][vc_column_text css=\u00a0\u00bb\u00a0\u00bb]<\/p>\n<h3>Solutions d&rsquo;intelligence artificielle<\/h3>\n<p>Trustdev utilise l&rsquo;intelligence artificielle pour offrir des solutions intelligentes et personnalis\u00e9es, visant \u00e0 optimiser vos op\u00e9rations, automatiser les processus, am\u00e9liorer la prise de d\u00e9cision et d\u00e9voiler de nouvelles opportunit\u00e9s, vous permettant de rester comp\u00e9titif.[\/vc_column_text]<div class=\"\"><div class=\"cz_101384_p\"><a id=\"cz_101384\" class=\"cz_101384 cz_btn cz_btn_txt_no_fx cz_btn_no_fx cz_mobile_btn_center\" href=\"\/contact-us\/\" title=\"Contact us\" aria-label=\"Contact us\"><span><strong>Lancez un projet<\/strong><\/span><b class=\"cz_btn_onhover\"><strong>Lancez un projet<\/strong><\/b><\/a><\/div><\/div>[\/vc_column_inner][vc_column_inner width=\u00a0\u00bb1\/2&Prime;]<div class=\"cz_gap clr  hide_on_mobile\" style=\"height: 0px\"><\/div><div class=\"cz_gap show_on_mobile clr\" style=\"height: 50px\"><\/div><div id=\"cz_105562\" class=\"cz_105562 cz_image clr cz_image_no_fx center_on_mobile\"><div class=\"\" ><div class=\"cz_image_in\"><div class=\"cz_main_image\"><img decoding=\"async\" width=\"471\" height=\"432\" src=\"https:\/\/www.trustdev.info\/wp-content\/uploads\/2025\/01\/Artificial-Intelligence-Solutions.png\" class=\"attachment-full\" alt=\"\" title=\"Artificial Intelligence Solutions\" srcset=\"https:\/\/www.trustdev.info\/wp-content\/uploads\/2025\/01\/Artificial-Intelligence-Solutions.png 471w, https:\/\/www.trustdev.info\/wp-content\/uploads\/2025\/01\/Artificial-Intelligence-Solutions-300x275.png 300w\" sizes=\"(max-width: 471px) 100vw, 471px\" \/><\/div><\/div><\/div><\/div>[\/vc_column_inner][\/vc_row_inner]<div class=\"cz_gap clr  hide_on_mobile\" style=\"height: 120px\"><\/div><div class=\"cz_gap show_on_mobile clr\" style=\"height: 50px\"><\/div>[vc_row_inner content_placement=\u00a0\u00bbmiddle\u00a0\u00bb el_class=\u00a0\u00bbmob_inverse\u00a0\u00bb][vc_column_inner width=\u00a0\u00bb1\/2&Prime;]<div class=\"cz_gap clr  hide_on_mobile\" style=\"height: 0px\"><\/div><div class=\"cz_gap show_on_mobile clr\" style=\"height: 50px\"><\/div><div id=\"cz_12517\" class=\"cz_12517 cz_image clr cz_image_no_fx center_on_mobile\"><div class=\"\" ><div class=\"cz_image_in\"><div class=\"cz_main_image\"><img decoding=\"async\" width=\"471\" height=\"432\" src=\"https:\/\/www.trustdev.info\/wp-content\/uploads\/2025\/01\/Artificial-Intelligence.png\" class=\"attachment-full\" alt=\"\" title=\"Artificial Intelligence\" srcset=\"https:\/\/www.trustdev.info\/wp-content\/uploads\/2025\/01\/Artificial-Intelligence.png 471w, https:\/\/www.trustdev.info\/wp-content\/uploads\/2025\/01\/Artificial-Intelligence-300x275.png 300w\" sizes=\"(max-width: 471px) 100vw, 471px\" \/><\/div><\/div><\/div><\/div>[\/vc_column_inner][vc_column_inner el_class=\u00a0\u00bbtxt2&Prime; width=\u00a0\u00bb1\/2&Prime;][vc_column_text css=\u00a0\u00bb\u00a0\u00bb]<\/p>\n<h3>Exploitez pleinement l&rsquo;IA pour votre entreprise.<\/h3>\n<p>Nous tirons parti des capacit\u00e9s de l&rsquo;intelligence artificielle pour offrir des solutions innovantes et adapt\u00e9es aux besoins sp\u00e9cifiques de votre entreprise. Nos services d&rsquo;IA vous permettent de rationaliser vos op\u00e9rations, de d\u00e9couvrir des insights pr\u00e9cieux et d&rsquo;acc\u00e9l\u00e9rer la croissance de votre entreprise.[\/vc_column_text]<div class=\"\"><div class=\"cz_47105_p\"><a id=\"cz_47105\" class=\"cz_47105 cz_btn cz_btn_txt_no_fx cz_btn_no_fx cz_mobile_btn_center\" href=\"\/contact-us\/\" title=\"Contact us\" aria-label=\"Contact us\"><span><strong>Lancez un projet<\/strong><\/span><b class=\"cz_btn_onhover\"><strong>Lancez un projet<\/strong><\/b><\/a><\/div><\/div>[\/vc_column_inner][\/vc_row_inner]<div class=\"cz_gap clr  hide_on_mobile\" style=\"height: 120px\"><\/div><div class=\"cz_gap show_on_mobile clr\" style=\"height: 50px\"><\/div>[vc_column_text css=\u00a0\u00bb\u00a0\u00bb el_class=\u00a0\u00bbcenter_title mob_m2&Prime;]<\/p>\n<h2>Trustdev : Transformer les id\u00e9es en solutions digitales<\/h2>\n<p>[\/vc_column_text]<div id=\"cz_43783\" class=\"cz_43783 cz_image clr cz_image_no_fx center_on_mobile\"><div class=\"\" ><div class=\"cz_image_in\"><div class=\"cz_main_image\"><img decoding=\"async\" width=\"979\" height=\"634\" src=\"https:\/\/www.trustdev.info\/wp-content\/uploads\/2025\/02\/Group-1597883232.png\" class=\"attachment-full\" alt=\"\" title=\"Group 1597883232\" srcset=\"https:\/\/www.trustdev.info\/wp-content\/uploads\/2025\/02\/Group-1597883232.png 979w, https:\/\/www.trustdev.info\/wp-content\/uploads\/2025\/02\/Group-1597883232-300x194.png 300w, https:\/\/www.trustdev.info\/wp-content\/uploads\/2025\/02\/Group-1597883232-768x497.png 768w, https:\/\/www.trustdev.info\/wp-content\/uploads\/2025\/02\/Group-1597883232-600x389.png 600w\" sizes=\"(max-width: 979px) 100vw, 979px\" \/><\/div><\/div><\/div><\/div><div class=\"cz_gap clr  hide_on_mobile\" style=\"height: 50px\"><\/div><div class=\"cz_gap show_on_mobile clr\" style=\"height: 50px\"><\/div>[\/vc_column][vc_column width=\u00a0\u00bb1\/12&Prime;][\/vc_column][\/vc_row][\/vc_section]<\/p>\n<\/div>","protected":false},"excerpt":{"rendered":"<p>[vc_section][vc_row][vc_column width=\u00a0\u00bb1\/12&Prime;][\/vc_column][vc_column width=\u00a0\u00bb10\/12&Prime;][vc_column_text css=\u00a0\u00bb\u00a0\u00bb el_class=\u00a0\u00bbcenter_title mob_m2&Prime;] Explorez notre expertise : des &#8230; <\/p>\n","protected":false},"author":1,"featured_media":0,"parent":344,"menu_order":0,"comment_status":"closed","ping_status":"closed","template":"","meta":{"footnotes":""},"class_list":["post-350","page","type-page","status-publish","hentry"],"yoast_head":"<!-- This site is optimized with the Yoast SEO plugin v24.2 - https:\/\/yoast.com\/wordpress\/plugins\/seo\/ -->\n<title>Solutions d&#039;intelligence artificielle - Trustdev<\/title>\n<meta name=\"description\" content=\"D\u00e9couvrez les solutions d&#039;IA de Trustdev pour optimiser vos op\u00e9rations et stimuler la croissance de votre entreprise.\" \/>\n<meta name=\"robots\" content=\"index, follow, max-snippet:-1, max-image-preview:large, max-video-preview:-1\" \/>\n<link rel=\"canonical\" href=\"https:\/\/www.trustdev.info\/fr\/services\/solutions-dintelligence-artificielle\/\" \/>\n<meta property=\"og:locale\" content=\"fr_FR\" \/>\n<meta property=\"og:type\" content=\"article\" \/>\n<meta property=\"og:title\" content=\"Solutions d&#039;intelligence artificielle - Trustdev\" \/>\n<meta property=\"og:description\" content=\"D\u00e9couvrez les solutions d&#039;IA de Trustdev pour optimiser vos op\u00e9rations et stimuler la croissance de votre entreprise.\" \/>\n<meta property=\"og:url\" content=\"https:\/\/www.trustdev.info\/fr\/services\/solutions-dintelligence-artificielle\/\" \/>\n<meta property=\"og:site_name\" content=\"Trustdev\" \/>\n<meta property=\"article:publisher\" content=\"https:\/\/www.facebook.com\/trustdev.info\" \/>\n<meta property=\"article:modified_time\" content=\"2025-02-14T11:42:37+00:00\" \/>\n<meta name=\"twitter:card\" content=\"summary_large_image\" \/>\n<meta name=\"twitter:label1\" content=\"Est. reading time\" \/>\n\t<meta name=\"twitter:data1\" content=\"2 minutes\" \/>\n<script type=\"application\/ld+json\" class=\"yoast-schema-graph\">{\"@context\":\"https:\/\/schema.org\",\"@graph\":[{\"@type\":\"WebPage\",\"@id\":\"https:\/\/www.trustdev.info\/fr\/services\/solutions-dintelligence-artificielle\/\",\"url\":\"https:\/\/www.trustdev.info\/fr\/services\/solutions-dintelligence-artificielle\/\",\"name\":\"Solutions d'intelligence artificielle - Trustdev\",\"isPartOf\":{\"@id\":\"https:\/\/www.trustdev.info\/#website\"},\"datePublished\":\"2025-01-13T16:05:51+00:00\",\"dateModified\":\"2025-02-14T11:42:37+00:00\",\"description\":\"D\u00e9couvrez les solutions d'IA de Trustdev pour optimiser vos op\u00e9rations et stimuler la croissance de votre entreprise.\",\"breadcrumb\":{\"@id\":\"https:\/\/www.trustdev.info\/fr\/services\/solutions-dintelligence-artificielle\/#breadcrumb\"},\"inLanguage\":\"fr-FR\",\"potentialAction\":[{\"@type\":\"ReadAction\",\"target\":[\"https:\/\/www.trustdev.info\/fr\/services\/solutions-dintelligence-artificielle\/\"]}]},{\"@type\":\"BreadcrumbList\",\"@id\":\"https:\/\/www.trustdev.info\/fr\/services\/solutions-dintelligence-artificielle\/#breadcrumb\",\"itemListElement\":[{\"@type\":\"ListItem\",\"position\":1,\"name\":\"Home\",\"item\":\"https:\/\/www.trustdev.info\/fr\/\"},{\"@type\":\"ListItem\",\"position\":2,\"name\":\"Services\",\"item\":\"https:\/\/www.trustdev.info\/fr\/services\/\"},{\"@type\":\"ListItem\",\"position\":3,\"name\":\"Solutions d&#8217;intelligence artificielle\"}]},{\"@type\":\"WebSite\",\"@id\":\"https:\/\/www.trustdev.info\/#website\",\"url\":\"https:\/\/www.trustdev.info\/\",\"name\":\"Trustdev\",\"description\":\"\",\"publisher\":{\"@id\":\"https:\/\/www.trustdev.info\/#organization\"},\"potentialAction\":[{\"@type\":\"SearchAction\",\"target\":{\"@type\":\"EntryPoint\",\"urlTemplate\":\"https:\/\/www.trustdev.info\/?s={search_term_string}\"},\"query-input\":{\"@type\":\"PropertyValueSpecification\",\"valueRequired\":true,\"valueName\":\"search_term_string\"}}],\"inLanguage\":\"fr-FR\"},{\"@type\":\"Organization\",\"@id\":\"https:\/\/www.trustdev.info\/#organization\",\"name\":\"Trustdev\",\"url\":\"https:\/\/www.trustdev.info\/\",\"logo\":{\"@type\":\"ImageObject\",\"inLanguage\":\"fr-FR\",\"@id\":\"https:\/\/www.trustdev.info\/#\/schema\/logo\/image\/\",\"url\":\"https:\/\/www.trustdev.info\/wp-content\/uploads\/2025\/01\/trustdev.png\",\"contentUrl\":\"https:\/\/www.trustdev.info\/wp-content\/uploads\/2025\/01\/trustdev.png\",\"width\":305,\"height\":110,\"caption\":\"Trustdev\"},\"image\":{\"@id\":\"https:\/\/www.trustdev.info\/#\/schema\/logo\/image\/\"},\"sameAs\":[\"https:\/\/www.facebook.com\/trustdev.info\",\"https:\/\/www.linkedin.com\/company\/trustdev-co\/\"]}]}<\/script>\n<!-- \/ Yoast SEO plugin. -->","yoast_head_json":{"title":"Solutions d'intelligence artificielle - Trustdev","description":"D\u00e9couvrez les solutions d'IA de Trustdev pour optimiser vos op\u00e9rations et stimuler la croissance de votre entreprise.","robots":{"index":"index","follow":"follow","max-snippet":"max-snippet:-1","max-image-preview":"max-image-preview:large","max-video-preview":"max-video-preview:-1"},"canonical":"https:\/\/www.trustdev.info\/fr\/services\/solutions-dintelligence-artificielle\/","og_locale":"fr_FR","og_type":"article","og_title":"Solutions d'intelligence artificielle - Trustdev","og_description":"D\u00e9couvrez les solutions d'IA de Trustdev pour optimiser vos op\u00e9rations et stimuler la croissance de votre entreprise.","og_url":"https:\/\/www.trustdev.info\/fr\/services\/solutions-dintelligence-artificielle\/","og_site_name":"Trustdev","article_publisher":"https:\/\/www.facebook.com\/trustdev.info","article_modified_time":"2025-02-14T11:42:37+00:00","twitter_card":"summary_large_image","twitter_misc":{"Est. reading time":"2 minutes"},"schema":{"@context":"https:\/\/schema.org","@graph":[{"@type":"WebPage","@id":"https:\/\/www.trustdev.info\/fr\/services\/solutions-dintelligence-artificielle\/","url":"https:\/\/www.trustdev.info\/fr\/services\/solutions-dintelligence-artificielle\/","name":"Solutions d'intelligence artificielle - Trustdev","isPartOf":{"@id":"https:\/\/www.trustdev.info\/#website"},"datePublished":"2025-01-13T16:05:51+00:00","dateModified":"2025-02-14T11:42:37+00:00","description":"D\u00e9couvrez les solutions d'IA de Trustdev pour optimiser vos op\u00e9rations et stimuler la croissance de votre entreprise.","breadcrumb":{"@id":"https:\/\/www.trustdev.info\/fr\/services\/solutions-dintelligence-artificielle\/#breadcrumb"},"inLanguage":"fr-FR","potentialAction":[{"@type":"ReadAction","target":["https:\/\/www.trustdev.info\/fr\/services\/solutions-dintelligence-artificielle\/"]}]},{"@type":"BreadcrumbList","@id":"https:\/\/www.trustdev.info\/fr\/services\/solutions-dintelligence-artificielle\/#breadcrumb","itemListElement":[{"@type":"ListItem","position":1,"name":"Home","item":"https:\/\/www.trustdev.info\/fr\/"},{"@type":"ListItem","position":2,"name":"Services","item":"https:\/\/www.trustdev.info\/fr\/services\/"},{"@type":"ListItem","position":3,"name":"Solutions d&#8217;intelligence artificielle"}]},{"@type":"WebSite","@id":"https:\/\/www.trustdev.info\/#website","url":"https:\/\/www.trustdev.info\/","name":"Trustdev","description":"","publisher":{"@id":"https:\/\/www.trustdev.info\/#organization"},"potentialAction":[{"@type":"SearchAction","target":{"@type":"EntryPoint","urlTemplate":"https:\/\/www.trustdev.info\/?s={search_term_string}"},"query-input":{"@type":"PropertyValueSpecification","valueRequired":true,"valueName":"search_term_string"}}],"inLanguage":"fr-FR"},{"@type":"Organization","@id":"https:\/\/www.trustdev.info\/#organization","name":"Trustdev","url":"https:\/\/www.trustdev.info\/","logo":{"@type":"ImageObject","inLanguage":"fr-FR","@id":"https:\/\/www.trustdev.info\/#\/schema\/logo\/image\/","url":"https:\/\/www.trustdev.info\/wp-content\/uploads\/2025\/01\/trustdev.png","contentUrl":"https:\/\/www.trustdev.info\/wp-content\/uploads\/2025\/01\/trustdev.png","width":305,"height":110,"caption":"Trustdev"},"image":{"@id":"https:\/\/www.trustdev.info\/#\/schema\/logo\/image\/"},"sameAs":["https:\/\/www.facebook.com\/trustdev.info","https:\/\/www.linkedin.com\/company\/trustdev-co\/"]}]}},"_links":{"self":[{"href":"https:\/\/www.trustdev.info\/fr\/wp-json\/wp\/v2\/pages\/350","targetHints":{"allow":["GET"]}}],"collection":[{"href":"https:\/\/www.trustdev.info\/fr\/wp-json\/wp\/v2\/pages"}],"about":[{"href":"https:\/\/www.trustdev.info\/fr\/wp-json\/wp\/v2\/types\/page"}],"author":[{"embeddable":true,"href":"https:\/\/www.trustdev.info\/fr\/wp-json\/wp\/v2\/users\/1"}],"replies":[{"embeddable":true,"href":"https:\/\/www.trustdev.info\/fr\/wp-json\/wp\/v2\/comments?post=350"}],"version-history":[{"count":7,"href":"https:\/\/www.trustdev.info\/fr\/wp-json\/wp\/v2\/pages\/350\/revisions"}],"predecessor-version":[{"id":479,"href":"https:\/\/www.trustdev.info\/fr\/wp-json\/wp\/v2\/pages\/350\/revisions\/479"}],"up":[{"embeddable":true,"href":"https:\/\/www.trustdev.info\/fr\/wp-json\/wp\/v2\/pages\/344"}],"wp:attachment":[{"href":"https:\/\/www.trustdev.info\/fr\/wp-json\/wp\/v2\/media?parent=350"}],"curies":[{"name":"wp","href":"https:\/\/api.w.org\/{rel}","templated":true}]}}