{"id":349,"date":"2025-01-13T16:08:08","date_gmt":"2025-01-13T16:08:08","guid":{"rendered":"https:\/\/www.trustdev.info\/services\/3d-modeling-for-realistic-and-impactful-visual\/"},"modified":"2025-02-14T11:43:09","modified_gmt":"2025-02-14T11:43:09","slug":"modelisation-3d-pour-des-visuels-realistes-et-percutants","status":"publish","type":"page","link":"https:\/\/www.trustdev.info\/fr\/services\/modelisation-3d-pour-des-visuels-realistes-et-percutants\/","title":{"rendered":"Mod\u00e9lisation 3D"},"content":{"rendered":"<div class=\"wpb-content-wrapper\"><p>[vc_section][vc_row][vc_column width=\u00a0\u00bb1\/12&Prime;][\/vc_column][vc_column width=\u00a0\u00bb10\/12&Prime;][vc_column_text css=\u00a0\u00bb\u00a0\u00bb el_class=\u00a0\u00bbcenter_title mob_m2&Prime;]<\/p>\n<h2>Explorez notre expertise : des services qui propulsent votre entreprise<\/h2>\n<p>[\/vc_column_text]<div class=\"cz_gap clr  hide_on_mobile\" style=\"height: 50px\"><\/div><div class=\"cz_gap show_on_mobile clr\" style=\"height: 0px\"><\/div>[vc_row_inner el_class=\u00a0\u00bbmob_inverse\u00a0\u00bb][vc_column_inner width=\u00a0\u00bb2\/3&Prime;]<div id=\"cz_88324\" class=\"cz_88324 cz_image clr cz_image_no_fx center_on_mobile\"><div class=\"\" ><div class=\"cz_image_in\"><div class=\"cz_main_image\"><img decoding=\"async\" width=\"643\" height=\"444\" src=\"https:\/\/www.trustdev.info\/wp-content\/uploads\/2025\/01\/3D-Modeling-1.png\" class=\"attachment-full\" alt=\"\" title=\"3D Modeling\" srcset=\"https:\/\/www.trustdev.info\/wp-content\/uploads\/2025\/01\/3D-Modeling-1.png 643w, https:\/\/www.trustdev.info\/wp-content\/uploads\/2025\/01\/3D-Modeling-1-300x207.png 300w, https:\/\/www.trustdev.info\/wp-content\/uploads\/2025\/01\/3D-Modeling-1-600x414.png 600w\" sizes=\"(max-width: 643px) 100vw, 643px\" \/><\/div><\/div><\/div><\/div>[\/vc_column_inner][vc_column_inner el_class=\u00a0\u00bbabs1&Prime; width=\u00a0\u00bb1\/3&Prime;][vc_column_text css=\u00a0\u00bb\u00a0\u00bb]<\/p>\n<h3>Mod\u00e9lisation 3D pour des visuels r\u00e9alistes et percutants<\/h3>\n<p>Donnez vie \u00e0 vos concepts avec nos services de mod\u00e9lisation 3D. Des designs de produits aux visuels architecturaux, nous cr\u00e9ons des \u00e9l\u00e9ments 3D r\u00e9alistes et percutants pour sublimer vos projets.[\/vc_column_text][\/vc_column_inner][\/vc_row_inner]<div class=\"cz_gap clr  hide_on_mobile\" style=\"height: 185px\"><\/div><div class=\"cz_gap show_on_mobile clr\" style=\"height: 50px\"><\/div>[vc_row_inner content_placement=\u00a0\u00bbmiddle\u00a0\u00bb][vc_column_inner el_class=\u00a0\u00bbtxt2&Prime; width=\u00a0\u00bb1\/2&Prime;][vc_column_text css=\u00a0\u00bb\u00a0\u00bb]<\/p>\n<h3>Transformez vos id\u00e9es avec une mod\u00e9lisation 3D experte<\/h3>\n<p>Donnez vie \u00e0 vos id\u00e9es avec nos services de mod\u00e9lisation 3D avanc\u00e9e chez Trustdev. Nous sommes sp\u00e9cialis\u00e9s dans la cr\u00e9ation de mod\u00e8les 3D hyper-r\u00e9alistes, con\u00e7us pour laisser un impact durable. Chaque projet est personnalis\u00e9 pour r\u00e9pondre \u00e0 vos besoins sp\u00e9cifiques et capturer l\u2019essence de votre vision.[\/vc_column_text]<div class=\"\"><div class=\"cz_92820_p\"><a id=\"cz_92820\" class=\"cz_92820 cz_btn cz_btn_txt_no_fx cz_btn_no_fx cz_mobile_btn_center\" href=\"\/contact-us\/\" title=\"Contact us\" aria-label=\"Contact us\"><span><strong>Lancez un projet<\/strong><\/span><b class=\"cz_btn_onhover\"><strong>Lancez un projet<\/strong><\/b><\/a><\/div><\/div>[\/vc_column_inner][vc_column_inner width=\u00a0\u00bb1\/2&Prime;]<div class=\"cz_gap clr  hide_on_mobile\" style=\"height: 0px\"><\/div><div class=\"cz_gap show_on_mobile clr\" style=\"height: 50px\"><\/div><div id=\"cz_37716\" class=\"cz_37716 cz_image clr cz_image_no_fx center_on_mobile\"><div class=\"\" ><div class=\"cz_image_in\"><div class=\"cz_main_image\"><img decoding=\"async\" width=\"471\" height=\"432\" src=\"https:\/\/www.trustdev.info\/wp-content\/uploads\/2025\/01\/3D-modeling.png\" class=\"attachment-full\" alt=\"\" title=\"3D-modeling\" srcset=\"https:\/\/www.trustdev.info\/wp-content\/uploads\/2025\/01\/3D-modeling.png 471w, https:\/\/www.trustdev.info\/wp-content\/uploads\/2025\/01\/3D-modeling-300x275.png 300w\" sizes=\"(max-width: 471px) 100vw, 471px\" \/><\/div><\/div><\/div><\/div>[\/vc_column_inner][\/vc_row_inner]<div class=\"cz_gap clr  hide_on_mobile\" style=\"height: 85px\"><\/div><div class=\"cz_gap show_on_mobile clr\" style=\"height: 50px\"><\/div>[vc_column_text css=\u00a0\u00bb\u00a0\u00bb el_class=\u00a0\u00bbcenter_title mob_m2&Prime;]<\/p>\n<h2>Trustdev : Transformer les id\u00e9es en solutions digitales<\/h2>\n<p>[\/vc_column_text]<div id=\"cz_18690\" class=\"cz_18690 cz_image clr cz_image_no_fx center_on_mobile\"><div class=\"\" ><div class=\"cz_image_in\"><div class=\"cz_main_image\"><img decoding=\"async\" width=\"979\" height=\"634\" src=\"https:\/\/www.trustdev.info\/wp-content\/uploads\/2025\/02\/Group-1597883233.png\" class=\"attachment-full\" alt=\"\" title=\"Group 1597883233\" srcset=\"https:\/\/www.trustdev.info\/wp-content\/uploads\/2025\/02\/Group-1597883233.png 979w, https:\/\/www.trustdev.info\/wp-content\/uploads\/2025\/02\/Group-1597883233-300x194.png 300w, https:\/\/www.trustdev.info\/wp-content\/uploads\/2025\/02\/Group-1597883233-768x497.png 768w, https:\/\/www.trustdev.info\/wp-content\/uploads\/2025\/02\/Group-1597883233-600x389.png 600w\" sizes=\"(max-width: 979px) 100vw, 979px\" \/><\/div><\/div><\/div><\/div><div class=\"cz_gap clr  hide_on_mobile\" style=\"height: 85px\"><\/div><div class=\"cz_gap show_on_mobile clr\" style=\"height: 50px\"><\/div>[\/vc_column][vc_column width=\u00a0\u00bb1\/12&Prime;][\/vc_column][\/vc_row][\/vc_section]<\/p>\n<\/div>","protected":false},"excerpt":{"rendered":"<p>[vc_section][vc_row][vc_column width=\u00a0\u00bb1\/12&Prime;][\/vc_column][vc_column width=\u00a0\u00bb10\/12&Prime;][vc_column_text css=\u00a0\u00bb\u00a0\u00bb el_class=\u00a0\u00bbcenter_title mob_m2&Prime;] Explorez notre expertise : des &#8230; <\/p>\n","protected":false},"author":1,"featured_media":0,"parent":344,"menu_order":0,"comment_status":"closed","ping_status":"closed","template":"","meta":{"footnotes":""},"class_list":["post-349","page","type-page","status-publish","hentry"],"yoast_head":"<!-- This site is optimized with the Yoast SEO plugin v24.2 - https:\/\/yoast.com\/wordpress\/plugins\/seo\/ -->\n<title>Mod\u00e9lisation 3D - Trustdev<\/title>\n<meta name=\"description\" content=\"D\u00e9couvrez les services de mod\u00e9lisation 3D avanc\u00e9e de Trustdev, sp\u00e9cialis\u00e9s dans la cr\u00e9ation de mod\u00e8les hyper-r\u00e9alistes pour vos projets.\" \/>\n<meta name=\"robots\" content=\"index, follow, max-snippet:-1, max-image-preview:large, max-video-preview:-1\" \/>\n<link rel=\"canonical\" href=\"https:\/\/www.trustdev.info\/fr\/services\/modelisation-3d-pour-des-visuels-realistes-et-percutants\/\" \/>\n<meta property=\"og:locale\" content=\"fr_FR\" \/>\n<meta property=\"og:type\" content=\"article\" \/>\n<meta property=\"og:title\" content=\"Mod\u00e9lisation 3D - Trustdev\" \/>\n<meta property=\"og:description\" content=\"D\u00e9couvrez les services de mod\u00e9lisation 3D avanc\u00e9e de Trustdev, sp\u00e9cialis\u00e9s dans la cr\u00e9ation de mod\u00e8les hyper-r\u00e9alistes pour vos projets.\" \/>\n<meta property=\"og:url\" content=\"https:\/\/www.trustdev.info\/fr\/services\/modelisation-3d-pour-des-visuels-realistes-et-percutants\/\" \/>\n<meta property=\"og:site_name\" content=\"Trustdev\" \/>\n<meta property=\"article:publisher\" content=\"https:\/\/www.facebook.com\/trustdev.info\" \/>\n<meta property=\"article:modified_time\" content=\"2025-02-14T11:43:09+00:00\" \/>\n<meta name=\"twitter:card\" content=\"summary_large_image\" \/>\n<meta name=\"twitter:label1\" content=\"Est. reading time\" \/>\n\t<meta name=\"twitter:data1\" content=\"2 minutes\" \/>\n<script type=\"application\/ld+json\" class=\"yoast-schema-graph\">{\"@context\":\"https:\/\/schema.org\",\"@graph\":[{\"@type\":\"WebPage\",\"@id\":\"https:\/\/www.trustdev.info\/fr\/services\/modelisation-3d-pour-des-visuels-realistes-et-percutants\/\",\"url\":\"https:\/\/www.trustdev.info\/fr\/services\/modelisation-3d-pour-des-visuels-realistes-et-percutants\/\",\"name\":\"Mod\u00e9lisation 3D - Trustdev\",\"isPartOf\":{\"@id\":\"https:\/\/www.trustdev.info\/#website\"},\"datePublished\":\"2025-01-13T16:08:08+00:00\",\"dateModified\":\"2025-02-14T11:43:09+00:00\",\"description\":\"D\u00e9couvrez les services de mod\u00e9lisation 3D avanc\u00e9e de Trustdev, sp\u00e9cialis\u00e9s dans la cr\u00e9ation de mod\u00e8les hyper-r\u00e9alistes pour vos projets.\",\"breadcrumb\":{\"@id\":\"https:\/\/www.trustdev.info\/fr\/services\/modelisation-3d-pour-des-visuels-realistes-et-percutants\/#breadcrumb\"},\"inLanguage\":\"fr-FR\",\"potentialAction\":[{\"@type\":\"ReadAction\",\"target\":[\"https:\/\/www.trustdev.info\/fr\/services\/modelisation-3d-pour-des-visuels-realistes-et-percutants\/\"]}]},{\"@type\":\"BreadcrumbList\",\"@id\":\"https:\/\/www.trustdev.info\/fr\/services\/modelisation-3d-pour-des-visuels-realistes-et-percutants\/#breadcrumb\",\"itemListElement\":[{\"@type\":\"ListItem\",\"position\":1,\"name\":\"Home\",\"item\":\"https:\/\/www.trustdev.info\/fr\/\"},{\"@type\":\"ListItem\",\"position\":2,\"name\":\"Services\",\"item\":\"https:\/\/www.trustdev.info\/fr\/services\/\"},{\"@type\":\"ListItem\",\"position\":3,\"name\":\"Mod\u00e9lisation 3D\"}]},{\"@type\":\"WebSite\",\"@id\":\"https:\/\/www.trustdev.info\/#website\",\"url\":\"https:\/\/www.trustdev.info\/\",\"name\":\"Trustdev\",\"description\":\"\",\"publisher\":{\"@id\":\"https:\/\/www.trustdev.info\/#organization\"},\"potentialAction\":[{\"@type\":\"SearchAction\",\"target\":{\"@type\":\"EntryPoint\",\"urlTemplate\":\"https:\/\/www.trustdev.info\/?s={search_term_string}\"},\"query-input\":{\"@type\":\"PropertyValueSpecification\",\"valueRequired\":true,\"valueName\":\"search_term_string\"}}],\"inLanguage\":\"fr-FR\"},{\"@type\":\"Organization\",\"@id\":\"https:\/\/www.trustdev.info\/#organization\",\"name\":\"Trustdev\",\"url\":\"https:\/\/www.trustdev.info\/\",\"logo\":{\"@type\":\"ImageObject\",\"inLanguage\":\"fr-FR\",\"@id\":\"https:\/\/www.trustdev.info\/#\/schema\/logo\/image\/\",\"url\":\"https:\/\/www.trustdev.info\/wp-content\/uploads\/2025\/01\/trustdev.png\",\"contentUrl\":\"https:\/\/www.trustdev.info\/wp-content\/uploads\/2025\/01\/trustdev.png\",\"width\":305,\"height\":110,\"caption\":\"Trustdev\"},\"image\":{\"@id\":\"https:\/\/www.trustdev.info\/#\/schema\/logo\/image\/\"},\"sameAs\":[\"https:\/\/www.facebook.com\/trustdev.info\",\"https:\/\/www.linkedin.com\/company\/trustdev-co\/\"]}]}<\/script>\n<!-- \/ Yoast SEO plugin. -->","yoast_head_json":{"title":"Mod\u00e9lisation 3D - Trustdev","description":"D\u00e9couvrez les services de mod\u00e9lisation 3D avanc\u00e9e de Trustdev, sp\u00e9cialis\u00e9s dans la cr\u00e9ation de mod\u00e8les hyper-r\u00e9alistes pour vos projets.","robots":{"index":"index","follow":"follow","max-snippet":"max-snippet:-1","max-image-preview":"max-image-preview:large","max-video-preview":"max-video-preview:-1"},"canonical":"https:\/\/www.trustdev.info\/fr\/services\/modelisation-3d-pour-des-visuels-realistes-et-percutants\/","og_locale":"fr_FR","og_type":"article","og_title":"Mod\u00e9lisation 3D - Trustdev","og_description":"D\u00e9couvrez les services de mod\u00e9lisation 3D avanc\u00e9e de Trustdev, sp\u00e9cialis\u00e9s dans la cr\u00e9ation de mod\u00e8les hyper-r\u00e9alistes pour vos projets.","og_url":"https:\/\/www.trustdev.info\/fr\/services\/modelisation-3d-pour-des-visuels-realistes-et-percutants\/","og_site_name":"Trustdev","article_publisher":"https:\/\/www.facebook.com\/trustdev.info","article_modified_time":"2025-02-14T11:43:09+00:00","twitter_card":"summary_large_image","twitter_misc":{"Est. reading time":"2 minutes"},"schema":{"@context":"https:\/\/schema.org","@graph":[{"@type":"WebPage","@id":"https:\/\/www.trustdev.info\/fr\/services\/modelisation-3d-pour-des-visuels-realistes-et-percutants\/","url":"https:\/\/www.trustdev.info\/fr\/services\/modelisation-3d-pour-des-visuels-realistes-et-percutants\/","name":"Mod\u00e9lisation 3D - Trustdev","isPartOf":{"@id":"https:\/\/www.trustdev.info\/#website"},"datePublished":"2025-01-13T16:08:08+00:00","dateModified":"2025-02-14T11:43:09+00:00","description":"D\u00e9couvrez les services de mod\u00e9lisation 3D avanc\u00e9e de Trustdev, sp\u00e9cialis\u00e9s dans la cr\u00e9ation de mod\u00e8les hyper-r\u00e9alistes pour vos projets.","breadcrumb":{"@id":"https:\/\/www.trustdev.info\/fr\/services\/modelisation-3d-pour-des-visuels-realistes-et-percutants\/#breadcrumb"},"inLanguage":"fr-FR","potentialAction":[{"@type":"ReadAction","target":["https:\/\/www.trustdev.info\/fr\/services\/modelisation-3d-pour-des-visuels-realistes-et-percutants\/"]}]},{"@type":"BreadcrumbList","@id":"https:\/\/www.trustdev.info\/fr\/services\/modelisation-3d-pour-des-visuels-realistes-et-percutants\/#breadcrumb","itemListElement":[{"@type":"ListItem","position":1,"name":"Home","item":"https:\/\/www.trustdev.info\/fr\/"},{"@type":"ListItem","position":2,"name":"Services","item":"https:\/\/www.trustdev.info\/fr\/services\/"},{"@type":"ListItem","position":3,"name":"Mod\u00e9lisation 3D"}]},{"@type":"WebSite","@id":"https:\/\/www.trustdev.info\/#website","url":"https:\/\/www.trustdev.info\/","name":"Trustdev","description":"","publisher":{"@id":"https:\/\/www.trustdev.info\/#organization"},"potentialAction":[{"@type":"SearchAction","target":{"@type":"EntryPoint","urlTemplate":"https:\/\/www.trustdev.info\/?s={search_term_string}"},"query-input":{"@type":"PropertyValueSpecification","valueRequired":true,"valueName":"search_term_string"}}],"inLanguage":"fr-FR"},{"@type":"Organization","@id":"https:\/\/www.trustdev.info\/#organization","name":"Trustdev","url":"https:\/\/www.trustdev.info\/","logo":{"@type":"ImageObject","inLanguage":"fr-FR","@id":"https:\/\/www.trustdev.info\/#\/schema\/logo\/image\/","url":"https:\/\/www.trustdev.info\/wp-content\/uploads\/2025\/01\/trustdev.png","contentUrl":"https:\/\/www.trustdev.info\/wp-content\/uploads\/2025\/01\/trustdev.png","width":305,"height":110,"caption":"Trustdev"},"image":{"@id":"https:\/\/www.trustdev.info\/#\/schema\/logo\/image\/"},"sameAs":["https:\/\/www.facebook.com\/trustdev.info","https:\/\/www.linkedin.com\/company\/trustdev-co\/"]}]}},"_links":{"self":[{"href":"https:\/\/www.trustdev.info\/fr\/wp-json\/wp\/v2\/pages\/349","targetHints":{"allow":["GET"]}}],"collection":[{"href":"https:\/\/www.trustdev.info\/fr\/wp-json\/wp\/v2\/pages"}],"about":[{"href":"https:\/\/www.trustdev.info\/fr\/wp-json\/wp\/v2\/types\/page"}],"author":[{"embeddable":true,"href":"https:\/\/www.trustdev.info\/fr\/wp-json\/wp\/v2\/users\/1"}],"replies":[{"embeddable":true,"href":"https:\/\/www.trustdev.info\/fr\/wp-json\/wp\/v2\/comments?post=349"}],"version-history":[{"count":6,"href":"https:\/\/www.trustdev.info\/fr\/wp-json\/wp\/v2\/pages\/349\/revisions"}],"predecessor-version":[{"id":480,"href":"https:\/\/www.trustdev.info\/fr\/wp-json\/wp\/v2\/pages\/349\/revisions\/480"}],"up":[{"embeddable":true,"href":"https:\/\/www.trustdev.info\/fr\/wp-json\/wp\/v2\/pages\/344"}],"wp:attachment":[{"href":"https:\/\/www.trustdev.info\/fr\/wp-json\/wp\/v2\/media?parent=349"}],"curies":[{"name":"wp","href":"https:\/\/api.w.org\/{rel}","templated":true}]}}