{"id":348,"date":"2025-01-13T15:17:52","date_gmt":"2025-01-13T15:17:52","guid":{"rendered":"https:\/\/www.trustdev.info\/careers\/pfe-book-2024-2025\/"},"modified":"2025-02-19T08:44:59","modified_gmt":"2025-02-19T08:44:59","slug":"pfe-book-2024-2025","status":"publish","type":"page","link":"https:\/\/www.trustdev.info\/fr\/carrieres\/pfe-book-2024-2025\/","title":{"rendered":"PFE book 2024 &#8211; 2025"},"content":{"rendered":"<div class=\"wpb-content-wrapper\"><p>[vc_row][vc_column width=\u00a0\u00bb2\/3&Prime;][vc_column_text css=\u00a0\u00bb\u00a0\u00bb]<\/p>\n<h2>PFE book 2024 \u2013 2025<\/h2>\n<h3>Description de poste<\/h3>\n<p>D\u00e9couvrez votre prochaine opportunit\u00e9 de carri\u00e8re avec Trustdev. Nous recherchons des professionnels passionn\u00e9s et comp\u00e9tents pour rejoindre notre \u00e9quipe innovante. Si vous \u00eates D\u00e9veloppeur, Ing\u00e9nieur logiciel ou Designer UX\/UI, c&rsquo;est l&rsquo;occasion de contribuer \u00e0 des projets de pointe et de marquer votre empreinte dans le monde de la technologie.<\/p>\n<p>Les \u00e9tudiants de derni\u00e8re ann\u00e9e peuvent \u00e9galement d\u00e9couvrir des informations pr\u00e9cieuses dans le livre PFE 2024-2025, un guide con\u00e7u pour soutenir l&rsquo;excellence acad\u00e9mique et la r\u00e9ussite des projets.<\/p>\n<p>Pr\u00eat \u00e0 sauter le pas ? Envoyez votre CV \u00e0 <a href=\"mailto:careers@trustdev.info\"><strong>careers@trustdev.info<\/strong><\/a> et embarquez dans une aventure professionnelle inspirante !<\/p>\n<p><strong>T\u00e9l\u00e9chargez le livre PFE pour plus d&rsquo;informations !<\/strong>[\/vc_column_text]<div class=\"\"><div class=\"cz_111015_p\"><a id=\"cz_111015\" class=\"cz_111015 cz_btn cz_btn_txt_no_fx cz_btn_no_fx cz_mobile_btn_center\" href=\"#\"><span><strong>T\u00e9l\u00e9charger<\/strong><\/span><b class=\"cz_btn_onhover\"><strong>T\u00e9l\u00e9charger<\/strong><\/b><\/a><\/div><\/div>[\/vc_column][vc_column width=\u00a0\u00bb1\/3&Prime; el_class=\u00a0\u00bbapply_form\u00a0\u00bb][vc_column_text css=\u00a0\u00bb\u00a0\u00bb]<\/p>\n<h2>Postulez maintenant<\/h2>\n<p>[\/vc_column_text]\n<div class=\"wpcf7 no-js\" id=\"wpcf7-f512-o1\" lang=\"en-US\" dir=\"ltr\" data-wpcf7-id=\"512\">\n<div class=\"screen-reader-response\"><p role=\"status\" aria-live=\"polite\" aria-atomic=\"true\"><\/p> <ul><\/ul><\/div>\n<form action=\"\/fr\/wp-json\/wp\/v2\/pages\/348#wpcf7-f512-o1\" method=\"post\" class=\"wpcf7-form init\" aria-label=\"Contact form\" enctype=\"multipart\/form-data\" novalidate=\"novalidate\" data-status=\"init\">\n<div style=\"display: none;\">\n<input type=\"hidden\" name=\"_wpcf7\" value=\"512\" \/>\n<input type=\"hidden\" name=\"_wpcf7_version\" value=\"6.0.2\" \/>\n<input type=\"hidden\" name=\"_wpcf7_locale\" value=\"en_US\" \/>\n<input type=\"hidden\" name=\"_wpcf7_unit_tag\" value=\"wpcf7-f512-o1\" \/>\n<input type=\"hidden\" name=\"_wpcf7_container_post\" value=\"0\" \/>\n<input type=\"hidden\" name=\"_wpcf7_posted_data_hash\" value=\"\" \/>\n<input type=\"hidden\" name=\"_wpcf7_recaptcha_response\" value=\"\" \/>\n<\/div>\n<div class=\"hidden_val\">\n\t<p><span class=\"wpcf7-form-control-wrap\" data-name=\"post_title\"><input size=\"40\" maxlength=\"400\" class=\"wpcf7-form-control wpcf7-text\" aria-invalid=\"false\" value=\"\" type=\"text\" name=\"post_title\" \/><\/span>\n\t<\/p>\n<\/div>\n<p><label> Votre nom<\/label><br \/>\n<span class=\"wpcf7-form-control-wrap\" data-name=\"your-name\"><input size=\"40\" maxlength=\"400\" class=\"wpcf7-form-control wpcf7-text wpcf7-validates-as-required\" aria-required=\"true\" aria-invalid=\"false\" placeholder=\"Votre nom\" value=\"\" type=\"text\" name=\"your-name\" \/><\/span>\n<\/p>\n<p><label> Votre Email<\/label><br \/>\n<span class=\"wpcf7-form-control-wrap\" data-name=\"your-email\"><input size=\"40\" maxlength=\"400\" class=\"wpcf7-form-control wpcf7-email wpcf7-validates-as-required wpcf7-text wpcf7-validates-as-email\" aria-required=\"true\" aria-invalid=\"false\" placeholder=\"Votre Email\" value=\"\" type=\"email\" name=\"your-email\" \/><\/span>\n<\/p>\n<p><label> T\u00e9l\u00e9phone<\/label><br \/>\n<span class=\"wpcf7-form-control-wrap\" data-name=\"phone\"><input size=\"40\" maxlength=\"400\" class=\"wpcf7-form-control wpcf7-text wpcf7-validates-as-required\" aria-required=\"true\" aria-invalid=\"false\" placeholder=\"Votre num\u00e9ro de t\u00e9l\u00e9phone\" value=\"\" type=\"text\" name=\"phone\" \/><\/span>\n<\/p>\n<p><label> Votre CV<\/label><br \/>\n<span class=\"wpcf7-form-control-wrap\" data-name=\"file-968\"><input size=\"40\" class=\"wpcf7-form-control wpcf7-file\" accept=\"\" aria-invalid=\"false\" type=\"file\" name=\"file-968\" \/><\/span>\n<\/p>\n<p><label> Message<\/label><br \/>\n<span class=\"wpcf7-form-control-wrap\" data-name=\"your-message\"><textarea cols=\"40\" rows=\"10\" maxlength=\"2000\" class=\"wpcf7-form-control wpcf7-textarea wpcf7-validates-as-required\" aria-required=\"true\" aria-invalid=\"false\" placeholder=\"\u00c0 propos de vous..\" name=\"your-message\"><\/textarea><\/span>\n<\/p>\n<p><input class=\"wpcf7-form-control wpcf7-submit has-spinner\" type=\"submit\" value=\"Postulez maintenant\" \/>\n<\/p><div class=\"wpcf7-response-output\" aria-hidden=\"true\"><\/div>\n<\/form>\n<\/div>\n[\/vc_column][\/vc_row]<\/p>\n<\/div>","protected":false},"excerpt":{"rendered":"<p>[vc_row][vc_column width=\u00a0\u00bb2\/3&Prime;][vc_column_text css=\u00a0\u00bb\u00a0\u00bb] PFE book 2024 \u2013 2025 Description de poste &#8230; <\/p>\n","protected":false},"author":1,"featured_media":330,"parent":340,"menu_order":0,"comment_status":"closed","ping_status":"closed","template":"","meta":{"footnotes":""},"class_list":["post-348","page","type-page","status-publish","has-post-thumbnail","hentry"],"yoast_head":"<!-- This site is optimized with the Yoast SEO plugin v24.2 - https:\/\/yoast.com\/wordpress\/plugins\/seo\/ -->\n<title>PFE book 2024 - 2025 - Trustdev<\/title>\n<meta name=\"description\" content=\"Explorez le PFE Book 2024-2025 de Trustdev, Votre guide complet pour r\u00e9ussir vos projets de fin d&#039;\u00e9tudes. Rejoignez-nous !\" \/>\n<meta name=\"robots\" content=\"index, follow, max-snippet:-1, max-image-preview:large, max-video-preview:-1\" \/>\n<link rel=\"canonical\" href=\"https:\/\/www.trustdev.info\/fr\/carrieres\/pfe-book-2024-2025\/\" \/>\n<meta property=\"og:locale\" content=\"fr_FR\" \/>\n<meta property=\"og:type\" content=\"article\" \/>\n<meta property=\"og:title\" content=\"PFE book 2024 - 2025 - Trustdev\" \/>\n<meta property=\"og:description\" content=\"Explorez le PFE Book 2024-2025 de Trustdev, Votre guide complet pour r\u00e9ussir vos projets de fin d&#039;\u00e9tudes. Rejoignez-nous !\" \/>\n<meta property=\"og:url\" content=\"https:\/\/www.trustdev.info\/fr\/carrieres\/pfe-book-2024-2025\/\" \/>\n<meta property=\"og:site_name\" content=\"Trustdev\" \/>\n<meta property=\"article:publisher\" content=\"https:\/\/www.facebook.com\/trustdev.info\" \/>\n<meta property=\"article:modified_time\" content=\"2025-02-19T08:44:59+00:00\" \/>\n<meta property=\"og:image\" content=\"https:\/\/www.trustdev.info\/wp-content\/uploads\/2025\/01\/post3.png\" \/>\n\t<meta property=\"og:image:width\" content=\"417\" \/>\n\t<meta property=\"og:image:height\" content=\"244\" \/>\n\t<meta property=\"og:image:type\" content=\"image\/png\" \/>\n<meta name=\"twitter:card\" content=\"summary_large_image\" \/>\n<meta name=\"twitter:label1\" content=\"Est. reading time\" \/>\n\t<meta name=\"twitter:data1\" content=\"1 minute\" \/>\n<script type=\"application\/ld+json\" class=\"yoast-schema-graph\">{\"@context\":\"https:\/\/schema.org\",\"@graph\":[{\"@type\":\"WebPage\",\"@id\":\"https:\/\/www.trustdev.info\/fr\/carrieres\/pfe-book-2024-2025\/\",\"url\":\"https:\/\/www.trustdev.info\/fr\/carrieres\/pfe-book-2024-2025\/\",\"name\":\"PFE book 2024 - 2025 - Trustdev\",\"isPartOf\":{\"@id\":\"https:\/\/www.trustdev.info\/#website\"},\"primaryImageOfPage\":{\"@id\":\"https:\/\/www.trustdev.info\/fr\/carrieres\/pfe-book-2024-2025\/#primaryimage\"},\"image\":{\"@id\":\"https:\/\/www.trustdev.info\/fr\/carrieres\/pfe-book-2024-2025\/#primaryimage\"},\"thumbnailUrl\":\"https:\/\/www.trustdev.info\/wp-content\/uploads\/2025\/01\/post3.png\",\"datePublished\":\"2025-01-13T15:17:52+00:00\",\"dateModified\":\"2025-02-19T08:44:59+00:00\",\"description\":\"Explorez le PFE Book 2024-2025 de Trustdev, Votre guide complet pour r\u00e9ussir vos projets de fin d'\u00e9tudes. Rejoignez-nous !\",\"breadcrumb\":{\"@id\":\"https:\/\/www.trustdev.info\/fr\/carrieres\/pfe-book-2024-2025\/#breadcrumb\"},\"inLanguage\":\"fr-FR\",\"potentialAction\":[{\"@type\":\"ReadAction\",\"target\":[\"https:\/\/www.trustdev.info\/fr\/carrieres\/pfe-book-2024-2025\/\"]}]},{\"@type\":\"ImageObject\",\"inLanguage\":\"fr-FR\",\"@id\":\"https:\/\/www.trustdev.info\/fr\/carrieres\/pfe-book-2024-2025\/#primaryimage\",\"url\":\"https:\/\/www.trustdev.info\/wp-content\/uploads\/2025\/01\/post3.png\",\"contentUrl\":\"https:\/\/www.trustdev.info\/wp-content\/uploads\/2025\/01\/post3.png\",\"width\":417,\"height\":244},{\"@type\":\"BreadcrumbList\",\"@id\":\"https:\/\/www.trustdev.info\/fr\/carrieres\/pfe-book-2024-2025\/#breadcrumb\",\"itemListElement\":[{\"@type\":\"ListItem\",\"position\":1,\"name\":\"Home\",\"item\":\"https:\/\/www.trustdev.info\/fr\/\"},{\"@type\":\"ListItem\",\"position\":2,\"name\":\"Carri\u00e8res\",\"item\":\"https:\/\/www.trustdev.info\/fr\/carrieres\/\"},{\"@type\":\"ListItem\",\"position\":3,\"name\":\"PFE book 2024 &#8211; 2025\"}]},{\"@type\":\"WebSite\",\"@id\":\"https:\/\/www.trustdev.info\/#website\",\"url\":\"https:\/\/www.trustdev.info\/\",\"name\":\"Trustdev\",\"description\":\"\",\"publisher\":{\"@id\":\"https:\/\/www.trustdev.info\/#organization\"},\"potentialAction\":[{\"@type\":\"SearchAction\",\"target\":{\"@type\":\"EntryPoint\",\"urlTemplate\":\"https:\/\/www.trustdev.info\/?s={search_term_string}\"},\"query-input\":{\"@type\":\"PropertyValueSpecification\",\"valueRequired\":true,\"valueName\":\"search_term_string\"}}],\"inLanguage\":\"fr-FR\"},{\"@type\":\"Organization\",\"@id\":\"https:\/\/www.trustdev.info\/#organization\",\"name\":\"Trustdev\",\"url\":\"https:\/\/www.trustdev.info\/\",\"logo\":{\"@type\":\"ImageObject\",\"inLanguage\":\"fr-FR\",\"@id\":\"https:\/\/www.trustdev.info\/#\/schema\/logo\/image\/\",\"url\":\"https:\/\/www.trustdev.info\/wp-content\/uploads\/2025\/01\/trustdev.png\",\"contentUrl\":\"https:\/\/www.trustdev.info\/wp-content\/uploads\/2025\/01\/trustdev.png\",\"width\":305,\"height\":110,\"caption\":\"Trustdev\"},\"image\":{\"@id\":\"https:\/\/www.trustdev.info\/#\/schema\/logo\/image\/\"},\"sameAs\":[\"https:\/\/www.facebook.com\/trustdev.info\",\"https:\/\/www.linkedin.com\/company\/trustdev-co\/\"]}]}<\/script>\n<!-- \/ Yoast SEO plugin. -->","yoast_head_json":{"title":"PFE book 2024 - 2025 - Trustdev","description":"Explorez le PFE Book 2024-2025 de Trustdev, Votre guide complet pour r\u00e9ussir vos projets de fin d'\u00e9tudes. Rejoignez-nous !","robots":{"index":"index","follow":"follow","max-snippet":"max-snippet:-1","max-image-preview":"max-image-preview:large","max-video-preview":"max-video-preview:-1"},"canonical":"https:\/\/www.trustdev.info\/fr\/carrieres\/pfe-book-2024-2025\/","og_locale":"fr_FR","og_type":"article","og_title":"PFE book 2024 - 2025 - Trustdev","og_description":"Explorez le PFE Book 2024-2025 de Trustdev, Votre guide complet pour r\u00e9ussir vos projets de fin d'\u00e9tudes. Rejoignez-nous !","og_url":"https:\/\/www.trustdev.info\/fr\/carrieres\/pfe-book-2024-2025\/","og_site_name":"Trustdev","article_publisher":"https:\/\/www.facebook.com\/trustdev.info","article_modified_time":"2025-02-19T08:44:59+00:00","og_image":[{"width":417,"height":244,"url":"https:\/\/www.trustdev.info\/wp-content\/uploads\/2025\/01\/post3.png","type":"image\/png"}],"twitter_card":"summary_large_image","twitter_misc":{"Est. reading time":"1 minute"},"schema":{"@context":"https:\/\/schema.org","@graph":[{"@type":"WebPage","@id":"https:\/\/www.trustdev.info\/fr\/carrieres\/pfe-book-2024-2025\/","url":"https:\/\/www.trustdev.info\/fr\/carrieres\/pfe-book-2024-2025\/","name":"PFE book 2024 - 2025 - Trustdev","isPartOf":{"@id":"https:\/\/www.trustdev.info\/#website"},"primaryImageOfPage":{"@id":"https:\/\/www.trustdev.info\/fr\/carrieres\/pfe-book-2024-2025\/#primaryimage"},"image":{"@id":"https:\/\/www.trustdev.info\/fr\/carrieres\/pfe-book-2024-2025\/#primaryimage"},"thumbnailUrl":"https:\/\/www.trustdev.info\/wp-content\/uploads\/2025\/01\/post3.png","datePublished":"2025-01-13T15:17:52+00:00","dateModified":"2025-02-19T08:44:59+00:00","description":"Explorez le PFE Book 2024-2025 de Trustdev, Votre guide complet pour r\u00e9ussir vos projets de fin d'\u00e9tudes. Rejoignez-nous !","breadcrumb":{"@id":"https:\/\/www.trustdev.info\/fr\/carrieres\/pfe-book-2024-2025\/#breadcrumb"},"inLanguage":"fr-FR","potentialAction":[{"@type":"ReadAction","target":["https:\/\/www.trustdev.info\/fr\/carrieres\/pfe-book-2024-2025\/"]}]},{"@type":"ImageObject","inLanguage":"fr-FR","@id":"https:\/\/www.trustdev.info\/fr\/carrieres\/pfe-book-2024-2025\/#primaryimage","url":"https:\/\/www.trustdev.info\/wp-content\/uploads\/2025\/01\/post3.png","contentUrl":"https:\/\/www.trustdev.info\/wp-content\/uploads\/2025\/01\/post3.png","width":417,"height":244},{"@type":"BreadcrumbList","@id":"https:\/\/www.trustdev.info\/fr\/carrieres\/pfe-book-2024-2025\/#breadcrumb","itemListElement":[{"@type":"ListItem","position":1,"name":"Home","item":"https:\/\/www.trustdev.info\/fr\/"},{"@type":"ListItem","position":2,"name":"Carri\u00e8res","item":"https:\/\/www.trustdev.info\/fr\/carrieres\/"},{"@type":"ListItem","position":3,"name":"PFE book 2024 &#8211; 2025"}]},{"@type":"WebSite","@id":"https:\/\/www.trustdev.info\/#website","url":"https:\/\/www.trustdev.info\/","name":"Trustdev","description":"","publisher":{"@id":"https:\/\/www.trustdev.info\/#organization"},"potentialAction":[{"@type":"SearchAction","target":{"@type":"EntryPoint","urlTemplate":"https:\/\/www.trustdev.info\/?s={search_term_string}"},"query-input":{"@type":"PropertyValueSpecification","valueRequired":true,"valueName":"search_term_string"}}],"inLanguage":"fr-FR"},{"@type":"Organization","@id":"https:\/\/www.trustdev.info\/#organization","name":"Trustdev","url":"https:\/\/www.trustdev.info\/","logo":{"@type":"ImageObject","inLanguage":"fr-FR","@id":"https:\/\/www.trustdev.info\/#\/schema\/logo\/image\/","url":"https:\/\/www.trustdev.info\/wp-content\/uploads\/2025\/01\/trustdev.png","contentUrl":"https:\/\/www.trustdev.info\/wp-content\/uploads\/2025\/01\/trustdev.png","width":305,"height":110,"caption":"Trustdev"},"image":{"@id":"https:\/\/www.trustdev.info\/#\/schema\/logo\/image\/"},"sameAs":["https:\/\/www.facebook.com\/trustdev.info","https:\/\/www.linkedin.com\/company\/trustdev-co\/"]}]}},"_links":{"self":[{"href":"https:\/\/www.trustdev.info\/fr\/wp-json\/wp\/v2\/pages\/348","targetHints":{"allow":["GET"]}}],"collection":[{"href":"https:\/\/www.trustdev.info\/fr\/wp-json\/wp\/v2\/pages"}],"about":[{"href":"https:\/\/www.trustdev.info\/fr\/wp-json\/wp\/v2\/types\/page"}],"author":[{"embeddable":true,"href":"https:\/\/www.trustdev.info\/fr\/wp-json\/wp\/v2\/users\/1"}],"replies":[{"embeddable":true,"href":"https:\/\/www.trustdev.info\/fr\/wp-json\/wp\/v2\/comments?post=348"}],"version-history":[{"count":4,"href":"https:\/\/www.trustdev.info\/fr\/wp-json\/wp\/v2\/pages\/348\/revisions"}],"predecessor-version":[{"id":515,"href":"https:\/\/www.trustdev.info\/fr\/wp-json\/wp\/v2\/pages\/348\/revisions\/515"}],"up":[{"embeddable":true,"href":"https:\/\/www.trustdev.info\/fr\/wp-json\/wp\/v2\/pages\/340"}],"wp:featuredmedia":[{"embeddable":true,"href":"https:\/\/www.trustdev.info\/fr\/wp-json\/wp\/v2\/media\/330"}],"wp:attachment":[{"href":"https:\/\/www.trustdev.info\/fr\/wp-json\/wp\/v2\/media?parent=348"}],"curies":[{"name":"wp","href":"https:\/\/api.w.org\/{rel}","templated":true}]}}