{"id":345,"date":"2025-01-13T01:30:39","date_gmt":"2025-01-13T01:30:39","guid":{"rendered":"https:\/\/www.trustdev.info\/careers\/hiring-backend-developer\/"},"modified":"2025-02-19T08:45:22","modified_gmt":"2025-02-19T08:45:22","slug":"recrutement-developpeur-backend","status":"publish","type":"page","link":"https:\/\/www.trustdev.info\/fr\/carrieres\/recrutement-developpeur-backend\/","title":{"rendered":"Recrutement : D\u00e9veloppeur Backend"},"content":{"rendered":"<div class=\"wpb-content-wrapper\"><p>[vc_row][vc_column width=\u00a0\u00bb2\/3&Prime;][vc_column_text css=\u00a0\u00bb\u00a0\u00bb]<\/p>\n<h2>Recrutement : D\u00e9veloppeur Backend<\/h2>\n<h3>Description du poste<\/h3>\n<p>Rejoignez notre \u00e9quipe en tant que D\u00e9veloppeur Backend<br data-start=\"54\" data-end=\"57\" \/>Vous \u00eates passionn\u00e9 par la cr\u00e9ation de syst\u00e8mes backend robustes et \u00e9volutifs ? Trustdev recherche un D\u00e9veloppeur Backend talentueux pour rejoindre notre \u00e9quipe dynamique. Vous jouerez un r\u00f4le cl\u00e9 dans la conception, l&rsquo;impl\u00e9mentation et la maintenance de la logique centrale qui alimente nos applications et services.<\/p>\n<h3>Responsabilit\u00e9s :<\/h3>\n<ul>\n<li>D\u00e9velopper et maintenir les composants c\u00f4t\u00e9 serveur et les API.<\/li>\n<li>Collaborer avec des \u00e9quipes inter fonctionnelles pour fournir des solutions de haute qualit\u00e9.<\/li>\n<li>Optimiser les performances et l&rsquo;\u00e9volutivit\u00e9 des syst\u00e8mes backend.<\/li>\n<li>D\u00e9boguer, r\u00e9soudre les probl\u00e8mes et mettre \u00e0 jour les syst\u00e8mes existants selon les besoins.<\/li>\n<\/ul>\n<h3>Requirements:<\/h3>\n<ul>\n<li>Solide ma\u00eetrise des langages de programmation tels que Python, Node.js ou Java.<\/li>\n<li>Exp\u00e9rience avec les bases de donn\u00e9es (SQL\/NoSQL) et les technologies cloud.<\/li>\n<li>Connaissance du d\u00e9veloppement et de l&rsquo;int\u00e9gration d&rsquo;API.<\/li>\n<li>Esprit de r\u00e9solution de probl\u00e8mes et souci du d\u00e9tail.<\/li>\n<\/ul>\n<p>Si vous \u00eates pr\u00eat \u00e0 relever des d\u00e9fis passionnants et \u00e0 avoir un impact, nous serions ravis de vous entendre.<\/p>\n<p>Envoyez votre CV \u00e0 :: <a href=\"mailto:careers@trustdev.info\"><strong>careers@trustdev.info<\/strong><\/a><br \/>\nRejoignez-nous pour fa\u00e7onner l&rsquo;avenir de la technologie chez Trustdev.[\/vc_column_text][\/vc_column][vc_column width=\u00a0\u00bb1\/3&Prime; el_class=\u00a0\u00bbapply_form\u00a0\u00bb][vc_column_text css=\u00a0\u00bb\u00a0\u00bb]<\/p>\n<h2>Postulez maintenant<\/h2>\n<p>[\/vc_column_text]\n<div class=\"wpcf7 no-js\" id=\"wpcf7-f512-o1\" lang=\"en-US\" dir=\"ltr\" data-wpcf7-id=\"512\">\n<div class=\"screen-reader-response\"><p role=\"status\" aria-live=\"polite\" aria-atomic=\"true\"><\/p> <ul><\/ul><\/div>\n<form action=\"\/fr\/wp-json\/wp\/v2\/pages\/345#wpcf7-f512-o1\" method=\"post\" class=\"wpcf7-form init\" aria-label=\"Contact form\" enctype=\"multipart\/form-data\" novalidate=\"novalidate\" data-status=\"init\">\n<div style=\"display: none;\">\n<input type=\"hidden\" name=\"_wpcf7\" value=\"512\" \/>\n<input type=\"hidden\" name=\"_wpcf7_version\" value=\"6.0.2\" \/>\n<input type=\"hidden\" name=\"_wpcf7_locale\" value=\"en_US\" \/>\n<input type=\"hidden\" name=\"_wpcf7_unit_tag\" value=\"wpcf7-f512-o1\" \/>\n<input type=\"hidden\" name=\"_wpcf7_container_post\" value=\"0\" \/>\n<input type=\"hidden\" name=\"_wpcf7_posted_data_hash\" value=\"\" \/>\n<input type=\"hidden\" name=\"_wpcf7_recaptcha_response\" value=\"\" \/>\n<\/div>\n<div class=\"hidden_val\">\n\t<p><span class=\"wpcf7-form-control-wrap\" data-name=\"post_title\"><input size=\"40\" maxlength=\"400\" class=\"wpcf7-form-control wpcf7-text\" aria-invalid=\"false\" value=\"\" type=\"text\" name=\"post_title\" \/><\/span>\n\t<\/p>\n<\/div>\n<p><label> Votre nom<\/label><br \/>\n<span class=\"wpcf7-form-control-wrap\" data-name=\"your-name\"><input size=\"40\" maxlength=\"400\" class=\"wpcf7-form-control wpcf7-text wpcf7-validates-as-required\" aria-required=\"true\" aria-invalid=\"false\" placeholder=\"Votre nom\" value=\"\" type=\"text\" name=\"your-name\" \/><\/span>\n<\/p>\n<p><label> Votre Email<\/label><br \/>\n<span class=\"wpcf7-form-control-wrap\" data-name=\"your-email\"><input size=\"40\" maxlength=\"400\" class=\"wpcf7-form-control wpcf7-email wpcf7-validates-as-required wpcf7-text wpcf7-validates-as-email\" aria-required=\"true\" aria-invalid=\"false\" placeholder=\"Votre Email\" value=\"\" type=\"email\" name=\"your-email\" \/><\/span>\n<\/p>\n<p><label> T\u00e9l\u00e9phone<\/label><br \/>\n<span class=\"wpcf7-form-control-wrap\" data-name=\"phone\"><input size=\"40\" maxlength=\"400\" class=\"wpcf7-form-control wpcf7-text wpcf7-validates-as-required\" aria-required=\"true\" aria-invalid=\"false\" placeholder=\"Votre num\u00e9ro de t\u00e9l\u00e9phone\" value=\"\" type=\"text\" name=\"phone\" \/><\/span>\n<\/p>\n<p><label> Votre CV<\/label><br \/>\n<span class=\"wpcf7-form-control-wrap\" data-name=\"file-968\"><input size=\"40\" class=\"wpcf7-form-control wpcf7-file\" accept=\"\" aria-invalid=\"false\" type=\"file\" name=\"file-968\" \/><\/span>\n<\/p>\n<p><label> Message<\/label><br \/>\n<span class=\"wpcf7-form-control-wrap\" data-name=\"your-message\"><textarea cols=\"40\" rows=\"10\" maxlength=\"2000\" class=\"wpcf7-form-control wpcf7-textarea wpcf7-validates-as-required\" aria-required=\"true\" aria-invalid=\"false\" placeholder=\"\u00c0 propos de vous..\" name=\"your-message\"><\/textarea><\/span>\n<\/p>\n<p><input class=\"wpcf7-form-control wpcf7-submit has-spinner\" type=\"submit\" value=\"Postulez maintenant\" \/>\n<\/p><div class=\"wpcf7-response-output\" aria-hidden=\"true\"><\/div>\n<\/form>\n<\/div>\n[\/vc_column][\/vc_row]<\/p>\n<\/div>","protected":false},"excerpt":{"rendered":"<p>[vc_row][vc_column width=\u00a0\u00bb2\/3&Prime;][vc_column_text css=\u00a0\u00bb\u00a0\u00bb] Recrutement : D\u00e9veloppeur Backend Description du poste Rejoignez &#8230; <\/p>\n","protected":false},"author":1,"featured_media":329,"parent":340,"menu_order":0,"comment_status":"closed","ping_status":"closed","template":"","meta":{"footnotes":""},"class_list":["post-345","page","type-page","status-publish","has-post-thumbnail","hentry"],"yoast_head":"<!-- This site is optimized with the Yoast SEO plugin v24.2 - https:\/\/yoast.com\/wordpress\/plugins\/seo\/ -->\n<title>Recrutement : D\u00e9veloppeur Backend - Trustdev<\/title>\n<meta name=\"description\" content=\"Rejoignez Trustdev en tant que D\u00e9veloppeur Backend et participez \u00e0 la cr\u00e9ation de syst\u00e8mes robustes et \u00e9volutifs. Postulez d\u00e8s maintenant !\" \/>\n<meta name=\"robots\" content=\"index, follow, max-snippet:-1, max-image-preview:large, max-video-preview:-1\" \/>\n<link rel=\"canonical\" href=\"https:\/\/www.trustdev.info\/fr\/carrieres\/recrutement-developpeur-backend\/\" \/>\n<meta property=\"og:locale\" content=\"fr_FR\" \/>\n<meta property=\"og:type\" content=\"article\" \/>\n<meta property=\"og:title\" content=\"Recrutement : D\u00e9veloppeur Backend - Trustdev\" \/>\n<meta property=\"og:description\" content=\"Rejoignez Trustdev en tant que D\u00e9veloppeur Backend et participez \u00e0 la cr\u00e9ation de syst\u00e8mes robustes et \u00e9volutifs. Postulez d\u00e8s maintenant !\" \/>\n<meta property=\"og:url\" content=\"https:\/\/www.trustdev.info\/fr\/carrieres\/recrutement-developpeur-backend\/\" \/>\n<meta property=\"og:site_name\" content=\"Trustdev\" \/>\n<meta property=\"article:publisher\" content=\"https:\/\/www.facebook.com\/trustdev.info\" \/>\n<meta property=\"article:modified_time\" content=\"2025-02-19T08:45:22+00:00\" \/>\n<meta property=\"og:image\" content=\"https:\/\/www.trustdev.info\/wp-content\/uploads\/2025\/01\/post2.png\" \/>\n\t<meta property=\"og:image:width\" content=\"417\" \/>\n\t<meta property=\"og:image:height\" content=\"244\" \/>\n\t<meta property=\"og:image:type\" content=\"image\/png\" \/>\n<meta name=\"twitter:card\" content=\"summary_large_image\" \/>\n<meta name=\"twitter:label1\" content=\"Est. reading time\" \/>\n\t<meta name=\"twitter:data1\" content=\"2 minutes\" \/>\n<script type=\"application\/ld+json\" class=\"yoast-schema-graph\">{\"@context\":\"https:\/\/schema.org\",\"@graph\":[{\"@type\":\"WebPage\",\"@id\":\"https:\/\/www.trustdev.info\/fr\/carrieres\/recrutement-developpeur-backend\/\",\"url\":\"https:\/\/www.trustdev.info\/fr\/carrieres\/recrutement-developpeur-backend\/\",\"name\":\"Recrutement : D\u00e9veloppeur Backend - Trustdev\",\"isPartOf\":{\"@id\":\"https:\/\/www.trustdev.info\/#website\"},\"primaryImageOfPage\":{\"@id\":\"https:\/\/www.trustdev.info\/fr\/carrieres\/recrutement-developpeur-backend\/#primaryimage\"},\"image\":{\"@id\":\"https:\/\/www.trustdev.info\/fr\/carrieres\/recrutement-developpeur-backend\/#primaryimage\"},\"thumbnailUrl\":\"https:\/\/www.trustdev.info\/wp-content\/uploads\/2025\/01\/post2.png\",\"datePublished\":\"2025-01-13T01:30:39+00:00\",\"dateModified\":\"2025-02-19T08:45:22+00:00\",\"description\":\"Rejoignez Trustdev en tant que D\u00e9veloppeur Backend et participez \u00e0 la cr\u00e9ation de syst\u00e8mes robustes et \u00e9volutifs. Postulez d\u00e8s maintenant !\",\"breadcrumb\":{\"@id\":\"https:\/\/www.trustdev.info\/fr\/carrieres\/recrutement-developpeur-backend\/#breadcrumb\"},\"inLanguage\":\"fr-FR\",\"potentialAction\":[{\"@type\":\"ReadAction\",\"target\":[\"https:\/\/www.trustdev.info\/fr\/carrieres\/recrutement-developpeur-backend\/\"]}]},{\"@type\":\"ImageObject\",\"inLanguage\":\"fr-FR\",\"@id\":\"https:\/\/www.trustdev.info\/fr\/carrieres\/recrutement-developpeur-backend\/#primaryimage\",\"url\":\"https:\/\/www.trustdev.info\/wp-content\/uploads\/2025\/01\/post2.png\",\"contentUrl\":\"https:\/\/www.trustdev.info\/wp-content\/uploads\/2025\/01\/post2.png\",\"width\":417,\"height\":244},{\"@type\":\"BreadcrumbList\",\"@id\":\"https:\/\/www.trustdev.info\/fr\/carrieres\/recrutement-developpeur-backend\/#breadcrumb\",\"itemListElement\":[{\"@type\":\"ListItem\",\"position\":1,\"name\":\"Home\",\"item\":\"https:\/\/www.trustdev.info\/fr\/\"},{\"@type\":\"ListItem\",\"position\":2,\"name\":\"Carri\u00e8res\",\"item\":\"https:\/\/www.trustdev.info\/fr\/carrieres\/\"},{\"@type\":\"ListItem\",\"position\":3,\"name\":\"Recrutement : D\u00e9veloppeur Backend\"}]},{\"@type\":\"WebSite\",\"@id\":\"https:\/\/www.trustdev.info\/#website\",\"url\":\"https:\/\/www.trustdev.info\/\",\"name\":\"Trustdev\",\"description\":\"\",\"publisher\":{\"@id\":\"https:\/\/www.trustdev.info\/#organization\"},\"potentialAction\":[{\"@type\":\"SearchAction\",\"target\":{\"@type\":\"EntryPoint\",\"urlTemplate\":\"https:\/\/www.trustdev.info\/?s={search_term_string}\"},\"query-input\":{\"@type\":\"PropertyValueSpecification\",\"valueRequired\":true,\"valueName\":\"search_term_string\"}}],\"inLanguage\":\"fr-FR\"},{\"@type\":\"Organization\",\"@id\":\"https:\/\/www.trustdev.info\/#organization\",\"name\":\"Trustdev\",\"url\":\"https:\/\/www.trustdev.info\/\",\"logo\":{\"@type\":\"ImageObject\",\"inLanguage\":\"fr-FR\",\"@id\":\"https:\/\/www.trustdev.info\/#\/schema\/logo\/image\/\",\"url\":\"https:\/\/www.trustdev.info\/wp-content\/uploads\/2025\/01\/trustdev.png\",\"contentUrl\":\"https:\/\/www.trustdev.info\/wp-content\/uploads\/2025\/01\/trustdev.png\",\"width\":305,\"height\":110,\"caption\":\"Trustdev\"},\"image\":{\"@id\":\"https:\/\/www.trustdev.info\/#\/schema\/logo\/image\/\"},\"sameAs\":[\"https:\/\/www.facebook.com\/trustdev.info\",\"https:\/\/www.linkedin.com\/company\/trustdev-co\/\"]}]}<\/script>\n<!-- \/ Yoast SEO plugin. -->","yoast_head_json":{"title":"Recrutement : D\u00e9veloppeur Backend - Trustdev","description":"Rejoignez Trustdev en tant que D\u00e9veloppeur Backend et participez \u00e0 la cr\u00e9ation de syst\u00e8mes robustes et \u00e9volutifs. Postulez d\u00e8s maintenant !","robots":{"index":"index","follow":"follow","max-snippet":"max-snippet:-1","max-image-preview":"max-image-preview:large","max-video-preview":"max-video-preview:-1"},"canonical":"https:\/\/www.trustdev.info\/fr\/carrieres\/recrutement-developpeur-backend\/","og_locale":"fr_FR","og_type":"article","og_title":"Recrutement : D\u00e9veloppeur Backend - Trustdev","og_description":"Rejoignez Trustdev en tant que D\u00e9veloppeur Backend et participez \u00e0 la cr\u00e9ation de syst\u00e8mes robustes et \u00e9volutifs. Postulez d\u00e8s maintenant !","og_url":"https:\/\/www.trustdev.info\/fr\/carrieres\/recrutement-developpeur-backend\/","og_site_name":"Trustdev","article_publisher":"https:\/\/www.facebook.com\/trustdev.info","article_modified_time":"2025-02-19T08:45:22+00:00","og_image":[{"width":417,"height":244,"url":"https:\/\/www.trustdev.info\/wp-content\/uploads\/2025\/01\/post2.png","type":"image\/png"}],"twitter_card":"summary_large_image","twitter_misc":{"Est. reading time":"2 minutes"},"schema":{"@context":"https:\/\/schema.org","@graph":[{"@type":"WebPage","@id":"https:\/\/www.trustdev.info\/fr\/carrieres\/recrutement-developpeur-backend\/","url":"https:\/\/www.trustdev.info\/fr\/carrieres\/recrutement-developpeur-backend\/","name":"Recrutement : D\u00e9veloppeur Backend - Trustdev","isPartOf":{"@id":"https:\/\/www.trustdev.info\/#website"},"primaryImageOfPage":{"@id":"https:\/\/www.trustdev.info\/fr\/carrieres\/recrutement-developpeur-backend\/#primaryimage"},"image":{"@id":"https:\/\/www.trustdev.info\/fr\/carrieres\/recrutement-developpeur-backend\/#primaryimage"},"thumbnailUrl":"https:\/\/www.trustdev.info\/wp-content\/uploads\/2025\/01\/post2.png","datePublished":"2025-01-13T01:30:39+00:00","dateModified":"2025-02-19T08:45:22+00:00","description":"Rejoignez Trustdev en tant que D\u00e9veloppeur Backend et participez \u00e0 la cr\u00e9ation de syst\u00e8mes robustes et \u00e9volutifs. Postulez d\u00e8s maintenant !","breadcrumb":{"@id":"https:\/\/www.trustdev.info\/fr\/carrieres\/recrutement-developpeur-backend\/#breadcrumb"},"inLanguage":"fr-FR","potentialAction":[{"@type":"ReadAction","target":["https:\/\/www.trustdev.info\/fr\/carrieres\/recrutement-developpeur-backend\/"]}]},{"@type":"ImageObject","inLanguage":"fr-FR","@id":"https:\/\/www.trustdev.info\/fr\/carrieres\/recrutement-developpeur-backend\/#primaryimage","url":"https:\/\/www.trustdev.info\/wp-content\/uploads\/2025\/01\/post2.png","contentUrl":"https:\/\/www.trustdev.info\/wp-content\/uploads\/2025\/01\/post2.png","width":417,"height":244},{"@type":"BreadcrumbList","@id":"https:\/\/www.trustdev.info\/fr\/carrieres\/recrutement-developpeur-backend\/#breadcrumb","itemListElement":[{"@type":"ListItem","position":1,"name":"Home","item":"https:\/\/www.trustdev.info\/fr\/"},{"@type":"ListItem","position":2,"name":"Carri\u00e8res","item":"https:\/\/www.trustdev.info\/fr\/carrieres\/"},{"@type":"ListItem","position":3,"name":"Recrutement : D\u00e9veloppeur Backend"}]},{"@type":"WebSite","@id":"https:\/\/www.trustdev.info\/#website","url":"https:\/\/www.trustdev.info\/","name":"Trustdev","description":"","publisher":{"@id":"https:\/\/www.trustdev.info\/#organization"},"potentialAction":[{"@type":"SearchAction","target":{"@type":"EntryPoint","urlTemplate":"https:\/\/www.trustdev.info\/?s={search_term_string}"},"query-input":{"@type":"PropertyValueSpecification","valueRequired":true,"valueName":"search_term_string"}}],"inLanguage":"fr-FR"},{"@type":"Organization","@id":"https:\/\/www.trustdev.info\/#organization","name":"Trustdev","url":"https:\/\/www.trustdev.info\/","logo":{"@type":"ImageObject","inLanguage":"fr-FR","@id":"https:\/\/www.trustdev.info\/#\/schema\/logo\/image\/","url":"https:\/\/www.trustdev.info\/wp-content\/uploads\/2025\/01\/trustdev.png","contentUrl":"https:\/\/www.trustdev.info\/wp-content\/uploads\/2025\/01\/trustdev.png","width":305,"height":110,"caption":"Trustdev"},"image":{"@id":"https:\/\/www.trustdev.info\/#\/schema\/logo\/image\/"},"sameAs":["https:\/\/www.facebook.com\/trustdev.info","https:\/\/www.linkedin.com\/company\/trustdev-co\/"]}]}},"_links":{"self":[{"href":"https:\/\/www.trustdev.info\/fr\/wp-json\/wp\/v2\/pages\/345","targetHints":{"allow":["GET"]}}],"collection":[{"href":"https:\/\/www.trustdev.info\/fr\/wp-json\/wp\/v2\/pages"}],"about":[{"href":"https:\/\/www.trustdev.info\/fr\/wp-json\/wp\/v2\/types\/page"}],"author":[{"embeddable":true,"href":"https:\/\/www.trustdev.info\/fr\/wp-json\/wp\/v2\/users\/1"}],"replies":[{"embeddable":true,"href":"https:\/\/www.trustdev.info\/fr\/wp-json\/wp\/v2\/comments?post=345"}],"version-history":[{"count":7,"href":"https:\/\/www.trustdev.info\/fr\/wp-json\/wp\/v2\/pages\/345\/revisions"}],"predecessor-version":[{"id":516,"href":"https:\/\/www.trustdev.info\/fr\/wp-json\/wp\/v2\/pages\/345\/revisions\/516"}],"up":[{"embeddable":true,"href":"https:\/\/www.trustdev.info\/fr\/wp-json\/wp\/v2\/pages\/340"}],"wp:featuredmedia":[{"embeddable":true,"href":"https:\/\/www.trustdev.info\/fr\/wp-json\/wp\/v2\/media\/329"}],"wp:attachment":[{"href":"https:\/\/www.trustdev.info\/fr\/wp-json\/wp\/v2\/media?parent=345"}],"curies":[{"name":"wp","href":"https:\/\/api.w.org\/{rel}","templated":true}]}}