{"id":344,"date":"2025-01-07T13:30:31","date_gmt":"2025-01-07T13:30:31","guid":{"rendered":"https:\/\/www.trustdev.info\/services\/"},"modified":"2025-02-14T10:12:55","modified_gmt":"2025-02-14T10:12:55","slug":"services","status":"publish","type":"page","link":"https:\/\/www.trustdev.info\/fr\/services\/","title":{"rendered":"Services"},"content":{"rendered":"<div class=\"wpb-content-wrapper\"><p>[vc_section][vc_row][vc_column width=\u00a0\u00bb1\/12&Prime;][\/vc_column][vc_column width=\u00a0\u00bb10\/12&Prime;][vc_column_text css=\u00a0\u00bb\u00a0\u00bb el_class=\u00a0\u00bbcenter_title mob_m2&Prime;]<\/p>\n<h2>Explorez notre expertise : des services qui propulsent votre entreprise<\/h2>\n<p>[\/vc_column_text]<div class=\"cz_gap clr  hide_on_mobile\" style=\"height: 50px\"><\/div><div class=\"cz_gap show_on_mobile clr\" style=\"height: 0px\"><\/div>[vc_row_inner content_placement=\u00a0\u00bbmiddle\u00a0\u00bb][vc_column_inner el_class=\u00a0\u00bbtxt2&Prime; width=\u00a0\u00bb1\/2&Prime;][vc_column_text css=\u00a0\u00bb\u00a0\u00bb]<\/p>\n<h3>Solutions de d\u00e9veloppement web et mobile<\/h3>\n<p>Nous cr\u00e9ons des applications web et mobiles innovantes, parfaitement adapt\u00e9es aux besoins uniques de votre entreprise. Nos experts assurent des solutions conviviales, performantes et \u00e0 la pointe de la technologie, pour vous aider \u00e0 rester comp\u00e9titif, optimiser vos processus et atteindre vos objectifs avec efficacit\u00e9 et succ\u00e8s.[\/vc_column_text]<div class=\"\"><div class=\"cz_14164_p\"><a id=\"cz_14164\" class=\"cz_14164 cz_btn cz_btn_txt_no_fx cz_btn_no_fx cz_mobile_btn_center\" href=\"#\"><span><strong>Voir les d\u00e9tails<\/strong><\/span><b class=\"cz_btn_onhover\"><strong>Voir les d\u00e9tails<\/strong><\/b><\/a><\/div><\/div>[\/vc_column_inner][vc_column_inner width=\u00a0\u00bb1\/2&Prime;]<div id=\"cz_39001\" class=\"cz_39001 cz_image clr cz_image_no_fx center_on_mobile\"><div class=\"\" ><div class=\"cz_image_in\"><div class=\"cz_main_image\"><img decoding=\"async\" width=\"471\" height=\"432\" src=\"https:\/\/www.trustdev.info\/wp-content\/uploads\/2025\/01\/Web-and-Mobile-Development-Solutions.png\" class=\"attachment-full\" alt=\"\" title=\"Web and Mobile Development Solutions\" srcset=\"https:\/\/www.trustdev.info\/wp-content\/uploads\/2025\/01\/Web-and-Mobile-Development-Solutions.png 471w, https:\/\/www.trustdev.info\/wp-content\/uploads\/2025\/01\/Web-and-Mobile-Development-Solutions-300x275.png 300w\" sizes=\"(max-width: 471px) 100vw, 471px\" \/><\/div><\/div><\/div><\/div>[\/vc_column_inner][\/vc_row_inner]<div class=\"cz_gap clr  hide_on_mobile\" style=\"height: 85px\"><\/div><div class=\"cz_gap show_on_mobile clr\" style=\"height: 50px\"><\/div>[vc_row_inner el_class=\u00a0\u00bbmob_inverse\u00a0\u00bb][vc_column_inner width=\u00a0\u00bb2\/3&Prime;]<div id=\"cz_38719\" class=\"cz_38719 cz_image clr cz_image_no_fx center_on_mobile\"><div class=\"\" ><div class=\"cz_image_in\"><div class=\"cz_main_image\"><img decoding=\"async\" width=\"643\" height=\"444\" src=\"https:\/\/www.trustdev.info\/wp-content\/uploads\/2025\/01\/UX-UI-Design.png\" class=\"attachment-full\" alt=\"\" title=\"UX-UI-Design\" srcset=\"https:\/\/www.trustdev.info\/wp-content\/uploads\/2025\/01\/UX-UI-Design.png 643w, https:\/\/www.trustdev.info\/wp-content\/uploads\/2025\/01\/UX-UI-Design-300x207.png 300w, https:\/\/www.trustdev.info\/wp-content\/uploads\/2025\/01\/UX-UI-Design-600x414.png 600w\" sizes=\"(max-width: 643px) 100vw, 643px\" \/><\/div><\/div><\/div><\/div>[\/vc_column_inner][vc_column_inner el_class=\u00a0\u00bbabs1&Prime; width=\u00a0\u00bb1\/3&Prime;][vc_column_text css=\u00a0\u00bb\u00a0\u00bb]<\/p>\n<h3>Design UX\/UI pour des exp\u00e9riences digitales intuitives<\/h3>\n<p>Nous cr\u00e9ons des exp\u00e9riences captivantes avec des designs centr\u00e9s sur l&rsquo;utilisateur, alliant esth\u00e9tique et fonctionnalit\u00e9 pour optimiser la satisfaction et la convivialit\u00e9.[\/vc_column_text]<div class=\" btn_2\"><div class=\"cz_87246_p\"><a id=\"cz_87246\" class=\"cz_87246 cz_btn cz_btn_txt_no_fx cz_btn_no_fx cz_btn_icon_after cz_mobile_btn_center\" href=\"#\"><span><strong>En savoir plus<\/strong><i class=\"fa czico-long-right-arrow\"><\/i><\/span><b class=\"cz_btn_onhover\"><strong>En savoir plus<\/strong><i class=\"fa czico-long-right-arrow\"><\/i><\/b><\/a><\/div><\/div>[\/vc_column_inner][\/vc_row_inner]<div class=\"cz_gap clr  hide_on_mobile\" style=\"height: 185px\"><\/div><div class=\"cz_gap show_on_mobile clr\" style=\"height: 50px\"><\/div>[vc_row_inner content_placement=\u00a0\u00bbmiddle\u00a0\u00bb][vc_column_inner el_class=\u00a0\u00bbtxt2&Prime; width=\u00a0\u00bb1\/2&Prime;][vc_column_text css=\u00a0\u00bb\u00a0\u00bb]<\/p>\n<h3>Solutions d&rsquo;intelligence artificielle<\/h3>\n<p>Trustdev utilise l&rsquo;intelligence artificielle pour offrir des solutions intelligentes et personnalis\u00e9es, visant \u00e0 optimiser vos op\u00e9rations, automatiser les processus, am\u00e9liorer la prise de d\u00e9cision et d\u00e9voiler de nouvelles opportunit\u00e9s, vous permettant de rester comp\u00e9titif.[\/vc_column_text]<div class=\"\"><div class=\"cz_61772_p\"><a id=\"cz_61772\" class=\"cz_61772 cz_btn cz_btn_txt_no_fx cz_btn_no_fx cz_mobile_btn_center\" href=\"#\"><span><strong>Voir les d\u00e9tails<\/strong><\/span><b class=\"cz_btn_onhover\"><strong>Voir les d\u00e9tails<\/strong><\/b><\/a><\/div><\/div>[\/vc_column_inner][vc_column_inner width=\u00a0\u00bb1\/2&Prime;]<div id=\"cz_13847\" class=\"cz_13847 cz_image clr cz_image_no_fx center_on_mobile\"><div class=\"\" ><div class=\"cz_image_in\"><div class=\"cz_main_image\"><img decoding=\"async\" width=\"471\" height=\"432\" src=\"https:\/\/www.trustdev.info\/wp-content\/uploads\/2025\/01\/Artificial-Intelligence-Solutions.png\" class=\"attachment-full\" alt=\"\" title=\"Artificial Intelligence Solutions\" srcset=\"https:\/\/www.trustdev.info\/wp-content\/uploads\/2025\/01\/Artificial-Intelligence-Solutions.png 471w, https:\/\/www.trustdev.info\/wp-content\/uploads\/2025\/01\/Artificial-Intelligence-Solutions-300x275.png 300w\" sizes=\"(max-width: 471px) 100vw, 471px\" \/><\/div><\/div><\/div><\/div>[\/vc_column_inner][\/vc_row_inner]<div class=\"cz_gap clr  hide_on_mobile\" style=\"height: 85px\"><\/div><div class=\"cz_gap show_on_mobile clr\" style=\"height: 50px\"><\/div>[vc_row_inner el_class=\u00a0\u00bbmob_inverse\u00a0\u00bb][vc_column_inner width=\u00a0\u00bb2\/3&Prime;]<div id=\"cz_87207\" class=\"cz_87207 cz_image clr cz_image_no_fx center_on_mobile\"><div class=\"\" ><div class=\"cz_image_in\"><div class=\"cz_main_image\"><img decoding=\"async\" width=\"643\" height=\"444\" src=\"https:\/\/www.trustdev.info\/wp-content\/uploads\/2025\/01\/3D-Modeling-1.png\" class=\"attachment-full\" alt=\"\" title=\"3D Modeling\" srcset=\"https:\/\/www.trustdev.info\/wp-content\/uploads\/2025\/01\/3D-Modeling-1.png 643w, https:\/\/www.trustdev.info\/wp-content\/uploads\/2025\/01\/3D-Modeling-1-300x207.png 300w, https:\/\/www.trustdev.info\/wp-content\/uploads\/2025\/01\/3D-Modeling-1-600x414.png 600w\" sizes=\"(max-width: 643px) 100vw, 643px\" \/><\/div><\/div><\/div><\/div>[\/vc_column_inner][vc_column_inner el_class=\u00a0\u00bbabs1&Prime; width=\u00a0\u00bb1\/3&Prime;][vc_column_text css=\u00a0\u00bb\u00a0\u00bb]<\/p>\n<h3>Mod\u00e9lisation 3D pour des visuels r\u00e9alistes et percutants<\/h3>\n<p>Donnez vie \u00e0 vos concepts avec nos services de mod\u00e9lisation 3D. Des designs de produits aux visuels architecturaux, nous cr\u00e9ons des \u00e9l\u00e9ments 3D r\u00e9alistes et percutants pour sublimer vos projets.[\/vc_column_text]<div class=\" btn_2\"><div class=\"cz_46562_p\"><a id=\"cz_46562\" class=\"cz_46562 cz_btn cz_btn_txt_no_fx cz_btn_no_fx cz_btn_icon_after cz_mobile_btn_center\" href=\"#\"><span><strong>En savoir plus<\/strong><i class=\"fa czico-long-right-arrow\"><\/i><\/span><b class=\"cz_btn_onhover\"><strong>En savoir plus<\/strong><i class=\"fa czico-long-right-arrow\"><\/i><\/b><\/a><\/div><\/div>[\/vc_column_inner][\/vc_row_inner]<div class=\"cz_gap clr  hide_on_mobile\" style=\"height: 185px\"><\/div><div class=\"cz_gap show_on_mobile clr\" style=\"height: 50px\"><\/div>[vc_row_inner content_placement=\u00a0\u00bbmiddle\u00a0\u00bb][vc_column_inner el_class=\u00a0\u00bbtxt2&Prime; width=\u00a0\u00bb1\/2&Prime;][vc_column_text css=\u00a0\u00bb\u00a0\u00bb]<\/p>\n<h3>Solutions de Kiosque pour booster l&rsquo;engagement client<\/h3>\n<p>Boostez votre entreprise avec les solutions de kiosque innovantes, red\u00e9finissant l&rsquo;interaction client. Nos bornes sont con\u00e7ues pour am\u00e9liorer l&rsquo;efficacit\u00e9 op\u00e9rationnelle, simplifier les transactions et offrir des exp\u00e9riences interactives adapt\u00e9es aux attentes des consommateurs modernes.[\/vc_column_text]<div class=\"\"><div class=\"cz_22932_p\"><a id=\"cz_22932\" class=\"cz_22932 cz_btn cz_btn_txt_no_fx cz_btn_no_fx cz_mobile_btn_center\" href=\"#\"><span><strong>Voir les d\u00e9tails<\/strong><\/span><b class=\"cz_btn_onhover\"><strong>Voir les d\u00e9tails<\/strong><\/b><\/a><\/div><\/div>[\/vc_column_inner][vc_column_inner width=\u00a0\u00bb1\/2&Prime;]<div id=\"cz_16300\" class=\"cz_16300 cz_image clr cz_image_no_fx center_on_mobile\"><div class=\"\" ><div class=\"cz_image_in\"><div class=\"cz_main_image\"><img decoding=\"async\" width=\"471\" height=\"432\" src=\"https:\/\/www.trustdev.info\/wp-content\/uploads\/2025\/01\/Kiosk-Solutions.png\" class=\"attachment-full\" alt=\"\" title=\"Kiosk Solutions\" srcset=\"https:\/\/www.trustdev.info\/wp-content\/uploads\/2025\/01\/Kiosk-Solutions.png 471w, https:\/\/www.trustdev.info\/wp-content\/uploads\/2025\/01\/Kiosk-Solutions-300x275.png 300w\" sizes=\"(max-width: 471px) 100vw, 471px\" \/><\/div><\/div><\/div><\/div>[\/vc_column_inner][\/vc_row_inner]<div class=\"cz_gap clr  hide_on_mobile\" style=\"height: 85px\"><\/div><div class=\"cz_gap show_on_mobile clr\" style=\"height: 50px\"><\/div>[vc_row_inner el_class=\u00a0\u00bbmob_inverse\u00a0\u00bb][vc_column_inner width=\u00a0\u00bb2\/3&Prime;]<div id=\"cz_37461\" class=\"cz_37461 cz_image clr cz_image_no_fx center_on_mobile\"><div class=\"\" ><div class=\"cz_image_in\"><div class=\"cz_main_image\"><img decoding=\"async\" width=\"643\" height=\"444\" src=\"https:\/\/www.trustdev.info\/wp-content\/uploads\/2025\/01\/Digital-Marketing-1.png\" class=\"attachment-full\" alt=\"\" title=\"Digital Marketing\" srcset=\"https:\/\/www.trustdev.info\/wp-content\/uploads\/2025\/01\/Digital-Marketing-1.png 643w, https:\/\/www.trustdev.info\/wp-content\/uploads\/2025\/01\/Digital-Marketing-1-300x207.png 300w, https:\/\/www.trustdev.info\/wp-content\/uploads\/2025\/01\/Digital-Marketing-1-600x414.png 600w\" sizes=\"(max-width: 643px) 100vw, 643px\" \/><\/div><\/div><\/div><\/div>[\/vc_column_inner][vc_column_inner el_class=\u00a0\u00bbabs1&Prime; width=\u00a0\u00bb1\/3&Prime;][vc_column_text css=\u00a0\u00bb\u00a0\u00bb]<\/p>\n<h3>Marketing digital pour booster votre pr\u00e9sence en ligne<\/h3>\n<p>\u00c9tendez votre port\u00e9e et boostez votre marque avec l&rsquo;expertise en marketing digital de Trustdev. Du SEO aux strat\u00e9gies sur les r\u00e9seaux sociaux, nous vous aidons \u00e0 atteindre votre audience et \u00e0 obtenir une croissance mesurable.[\/vc_column_text]<div class=\" btn_2\"><div class=\"cz_49177_p\"><a id=\"cz_49177\" class=\"cz_49177 cz_btn cz_btn_txt_no_fx cz_btn_no_fx cz_btn_icon_after cz_mobile_btn_center\" href=\"#\"><span><strong>En savoir plus<\/strong><i class=\"fa czico-long-right-arrow\"><\/i><\/span><b class=\"cz_btn_onhover\"><strong>En savoir plus<\/strong><i class=\"fa czico-long-right-arrow\"><\/i><\/b><\/a><\/div><\/div>[\/vc_column_inner][\/vc_row_inner]<div class=\"cz_gap clr  hide_on_mobile\" style=\"height: 130px\"><\/div><div class=\"cz_gap show_on_mobile clr\" style=\"height: 50px\"><\/div>[\/vc_column][vc_column width=\u00a0\u00bb1\/12&Prime;][\/vc_column][\/vc_row][\/vc_section]<\/p>\n<\/div>","protected":false},"excerpt":{"rendered":"<p>[vc_section][vc_row][vc_column width=\u00a0\u00bb1\/12&Prime;][\/vc_column][vc_column width=\u00a0\u00bb10\/12&Prime;][vc_column_text css=\u00a0\u00bb\u00a0\u00bb el_class=\u00a0\u00bbcenter_title mob_m2&Prime;] Explorez notre expertise : des &#8230; <\/p>\n","protected":false},"author":1,"featured_media":0,"parent":0,"menu_order":0,"comment_status":"closed","ping_status":"closed","template":"","meta":{"footnotes":""},"class_list":["post-344","page","type-page","status-publish","hentry"],"yoast_head":"<!-- This site is optimized with the Yoast SEO plugin v24.2 - https:\/\/yoast.com\/wordpress\/plugins\/seo\/ -->\n<title>Services - Trustdev<\/title>\n<meta name=\"description\" content=\"Explorez les services num\u00e9riques de Trustdev pour transformer votre entreprise avec des solutions sur mesure.\" \/>\n<meta name=\"robots\" content=\"index, follow, max-snippet:-1, max-image-preview:large, max-video-preview:-1\" \/>\n<link rel=\"canonical\" href=\"https:\/\/www.trustdev.info\/fr\/services\/\" \/>\n<meta property=\"og:locale\" content=\"fr_FR\" \/>\n<meta property=\"og:type\" content=\"article\" \/>\n<meta property=\"og:title\" content=\"Services - Trustdev\" \/>\n<meta property=\"og:description\" content=\"Explorez les services num\u00e9riques de Trustdev pour transformer votre entreprise avec des solutions sur mesure.\" \/>\n<meta property=\"og:url\" content=\"https:\/\/www.trustdev.info\/fr\/services\/\" \/>\n<meta property=\"og:site_name\" content=\"Trustdev\" \/>\n<meta property=\"article:publisher\" content=\"https:\/\/www.facebook.com\/trustdev.info\" \/>\n<meta property=\"article:modified_time\" content=\"2025-02-14T10:12:55+00:00\" \/>\n<meta name=\"twitter:card\" content=\"summary_large_image\" \/>\n<meta name=\"twitter:label1\" content=\"Est. reading time\" \/>\n\t<meta name=\"twitter:data1\" content=\"2 minutes\" \/>\n<script type=\"application\/ld+json\" class=\"yoast-schema-graph\">{\"@context\":\"https:\/\/schema.org\",\"@graph\":[{\"@type\":\"WebPage\",\"@id\":\"https:\/\/www.trustdev.info\/fr\/services\/\",\"url\":\"https:\/\/www.trustdev.info\/fr\/services\/\",\"name\":\"Services - Trustdev\",\"isPartOf\":{\"@id\":\"https:\/\/www.trustdev.info\/#website\"},\"datePublished\":\"2025-01-07T13:30:31+00:00\",\"dateModified\":\"2025-02-14T10:12:55+00:00\",\"description\":\"Explorez les services num\u00e9riques de Trustdev pour transformer votre entreprise avec des solutions sur mesure.\",\"breadcrumb\":{\"@id\":\"https:\/\/www.trustdev.info\/fr\/services\/#breadcrumb\"},\"inLanguage\":\"fr-FR\",\"potentialAction\":[{\"@type\":\"ReadAction\",\"target\":[\"https:\/\/www.trustdev.info\/fr\/services\/\"]}]},{\"@type\":\"BreadcrumbList\",\"@id\":\"https:\/\/www.trustdev.info\/fr\/services\/#breadcrumb\",\"itemListElement\":[{\"@type\":\"ListItem\",\"position\":1,\"name\":\"Home\",\"item\":\"https:\/\/www.trustdev.info\/fr\/\"},{\"@type\":\"ListItem\",\"position\":2,\"name\":\"Services\"}]},{\"@type\":\"WebSite\",\"@id\":\"https:\/\/www.trustdev.info\/#website\",\"url\":\"https:\/\/www.trustdev.info\/\",\"name\":\"Trustdev\",\"description\":\"\",\"publisher\":{\"@id\":\"https:\/\/www.trustdev.info\/#organization\"},\"potentialAction\":[{\"@type\":\"SearchAction\",\"target\":{\"@type\":\"EntryPoint\",\"urlTemplate\":\"https:\/\/www.trustdev.info\/?s={search_term_string}\"},\"query-input\":{\"@type\":\"PropertyValueSpecification\",\"valueRequired\":true,\"valueName\":\"search_term_string\"}}],\"inLanguage\":\"fr-FR\"},{\"@type\":\"Organization\",\"@id\":\"https:\/\/www.trustdev.info\/#organization\",\"name\":\"Trustdev\",\"url\":\"https:\/\/www.trustdev.info\/\",\"logo\":{\"@type\":\"ImageObject\",\"inLanguage\":\"fr-FR\",\"@id\":\"https:\/\/www.trustdev.info\/#\/schema\/logo\/image\/\",\"url\":\"https:\/\/www.trustdev.info\/wp-content\/uploads\/2025\/01\/trustdev.png\",\"contentUrl\":\"https:\/\/www.trustdev.info\/wp-content\/uploads\/2025\/01\/trustdev.png\",\"width\":305,\"height\":110,\"caption\":\"Trustdev\"},\"image\":{\"@id\":\"https:\/\/www.trustdev.info\/#\/schema\/logo\/image\/\"},\"sameAs\":[\"https:\/\/www.facebook.com\/trustdev.info\",\"https:\/\/www.linkedin.com\/company\/trustdev-co\/\"]}]}<\/script>\n<!-- \/ Yoast SEO plugin. -->","yoast_head_json":{"title":"Services - Trustdev","description":"Explorez les services num\u00e9riques de Trustdev pour transformer votre entreprise avec des solutions sur mesure.","robots":{"index":"index","follow":"follow","max-snippet":"max-snippet:-1","max-image-preview":"max-image-preview:large","max-video-preview":"max-video-preview:-1"},"canonical":"https:\/\/www.trustdev.info\/fr\/services\/","og_locale":"fr_FR","og_type":"article","og_title":"Services - Trustdev","og_description":"Explorez les services num\u00e9riques de Trustdev pour transformer votre entreprise avec des solutions sur mesure.","og_url":"https:\/\/www.trustdev.info\/fr\/services\/","og_site_name":"Trustdev","article_publisher":"https:\/\/www.facebook.com\/trustdev.info","article_modified_time":"2025-02-14T10:12:55+00:00","twitter_card":"summary_large_image","twitter_misc":{"Est. reading time":"2 minutes"},"schema":{"@context":"https:\/\/schema.org","@graph":[{"@type":"WebPage","@id":"https:\/\/www.trustdev.info\/fr\/services\/","url":"https:\/\/www.trustdev.info\/fr\/services\/","name":"Services - Trustdev","isPartOf":{"@id":"https:\/\/www.trustdev.info\/#website"},"datePublished":"2025-01-07T13:30:31+00:00","dateModified":"2025-02-14T10:12:55+00:00","description":"Explorez les services num\u00e9riques de Trustdev pour transformer votre entreprise avec des solutions sur mesure.","breadcrumb":{"@id":"https:\/\/www.trustdev.info\/fr\/services\/#breadcrumb"},"inLanguage":"fr-FR","potentialAction":[{"@type":"ReadAction","target":["https:\/\/www.trustdev.info\/fr\/services\/"]}]},{"@type":"BreadcrumbList","@id":"https:\/\/www.trustdev.info\/fr\/services\/#breadcrumb","itemListElement":[{"@type":"ListItem","position":1,"name":"Home","item":"https:\/\/www.trustdev.info\/fr\/"},{"@type":"ListItem","position":2,"name":"Services"}]},{"@type":"WebSite","@id":"https:\/\/www.trustdev.info\/#website","url":"https:\/\/www.trustdev.info\/","name":"Trustdev","description":"","publisher":{"@id":"https:\/\/www.trustdev.info\/#organization"},"potentialAction":[{"@type":"SearchAction","target":{"@type":"EntryPoint","urlTemplate":"https:\/\/www.trustdev.info\/?s={search_term_string}"},"query-input":{"@type":"PropertyValueSpecification","valueRequired":true,"valueName":"search_term_string"}}],"inLanguage":"fr-FR"},{"@type":"Organization","@id":"https:\/\/www.trustdev.info\/#organization","name":"Trustdev","url":"https:\/\/www.trustdev.info\/","logo":{"@type":"ImageObject","inLanguage":"fr-FR","@id":"https:\/\/www.trustdev.info\/#\/schema\/logo\/image\/","url":"https:\/\/www.trustdev.info\/wp-content\/uploads\/2025\/01\/trustdev.png","contentUrl":"https:\/\/www.trustdev.info\/wp-content\/uploads\/2025\/01\/trustdev.png","width":305,"height":110,"caption":"Trustdev"},"image":{"@id":"https:\/\/www.trustdev.info\/#\/schema\/logo\/image\/"},"sameAs":["https:\/\/www.facebook.com\/trustdev.info","https:\/\/www.linkedin.com\/company\/trustdev-co\/"]}]}},"_links":{"self":[{"href":"https:\/\/www.trustdev.info\/fr\/wp-json\/wp\/v2\/pages\/344","targetHints":{"allow":["GET"]}}],"collection":[{"href":"https:\/\/www.trustdev.info\/fr\/wp-json\/wp\/v2\/pages"}],"about":[{"href":"https:\/\/www.trustdev.info\/fr\/wp-json\/wp\/v2\/types\/page"}],"author":[{"embeddable":true,"href":"https:\/\/www.trustdev.info\/fr\/wp-json\/wp\/v2\/users\/1"}],"replies":[{"embeddable":true,"href":"https:\/\/www.trustdev.info\/fr\/wp-json\/wp\/v2\/comments?post=344"}],"version-history":[{"count":8,"href":"https:\/\/www.trustdev.info\/fr\/wp-json\/wp\/v2\/pages\/344\/revisions"}],"predecessor-version":[{"id":434,"href":"https:\/\/www.trustdev.info\/fr\/wp-json\/wp\/v2\/pages\/344\/revisions\/434"}],"wp:attachment":[{"href":"https:\/\/www.trustdev.info\/fr\/wp-json\/wp\/v2\/media?parent=344"}],"curies":[{"name":"wp","href":"https:\/\/api.w.org\/{rel}","templated":true}]}}