{"id":340,"date":"2025-01-07T13:33:37","date_gmt":"2025-01-07T13:33:37","guid":{"rendered":"https:\/\/www.trustdev.info\/careers\/"},"modified":"2025-02-14T10:10:23","modified_gmt":"2025-02-14T10:10:23","slug":"carrieres","status":"publish","type":"page","link":"https:\/\/www.trustdev.info\/fr\/carrieres\/","title":{"rendered":"Carri\u00e8res"},"content":{"rendered":"<div class=\"wpb-content-wrapper\"><p>[vc_row][vc_column width=\u00a0\u00bb1\/6&Prime;][\/vc_column][vc_column width=\u00a0\u00bb2\/3&Prime;][vc_column_text css=\u00a0\u00bb\u00a0\u00bb el_class=\u00a0\u00bbcenter_title mob_m2&Prime;]<\/p>\r\n<h2>Rejoignez notre \u00e9quipe : Construisons<br \/>l&rsquo;avenir ensemble<\/h2>\r\n<p>[\/vc_column_text]<div class=\"cz_gap clr \" style=\"height: 25px\"><\/div>[vc_column_text]<div class=\"job_bloc\"><div class=\"details\">\r\n\t\t\t<p class=\"cat Intership\">Intership<\/p>\r\n\t\t\t<h3><a href=\"https:\/\/www.trustdev.info\/fr\/carrieres\/pfe-book-2024-2025\/\">PFE book 2024 &#8211; 2025<\/a><\/h3><div class=\"b_line\">\r\n\t\t\t<p class=\"send\"><a href=\"https:\/\/www.trustdev.info\/fr\/carrieres\/pfe-book-2024-2025\/\">En savoir plus <i class=\"fa czico-long-right-arrow\"><\/i><\/a><\/p>\r\n\t\t\t<div class=\"meta\">\r\n\t\t\t\t<p class=\"lieux\">Sousse<\/p>\r\n\t\t\t\t<p class=\"tps\">janvier 13, 2025<\/p>\r\n\t\t\t<\/div>\r\n\t\t\t<\/div>\r\n\t\t\t<\/div>\r\n\t\t\t<p><a href=\"#\"><img decoding=\"async\" src=\"https:\/\/www.trustdev.info\/wp-content\/uploads\/2025\/01\/post3.png\" alt=\"Trustdev\"><\/a><\/p><\/div><div class=\"job_bloc\"><div class=\"details\">\r\n\t\t\t<p class=\"cat Recruitment\">Recruitment<\/p>\r\n\t\t\t<h3><a href=\"https:\/\/www.trustdev.info\/fr\/carrieres\/recrutement-designer-ux-ui\/\">Recrutement : Designer UX\/UI<\/a><\/h3><div class=\"b_line\">\r\n\t\t\t<p class=\"send\"><a href=\"https:\/\/www.trustdev.info\/fr\/carrieres\/recrutement-designer-ux-ui\/\">En savoir plus <i class=\"fa czico-long-right-arrow\"><\/i><\/a><\/p>\r\n\t\t\t<div class=\"meta\">\r\n\t\t\t\t<p class=\"lieux\">Sousse<\/p>\r\n\t\t\t\t<p class=\"tps\">janvier 13, 2025<\/p>\r\n\t\t\t<\/div>\r\n\t\t\t<\/div>\r\n\t\t\t<\/div>\r\n\t\t\t<p><a href=\"#\"><img decoding=\"async\" src=\"https:\/\/www.trustdev.info\/wp-content\/uploads\/2025\/01\/ux-ui-design-1.png\" alt=\"Trustdev\"><\/a><\/p><\/div><div class=\"job_bloc\"><div class=\"details\">\r\n\t\t\t<p class=\"cat Recruitment\">Recruitment<\/p>\r\n\t\t\t<h3><a href=\"https:\/\/www.trustdev.info\/fr\/carrieres\/recrutement-developpeur-backend\/\">Recrutement : D\u00e9veloppeur Backend<\/a><\/h3><div class=\"b_line\">\r\n\t\t\t<p class=\"send\"><a href=\"https:\/\/www.trustdev.info\/fr\/carrieres\/recrutement-developpeur-backend\/\">En savoir plus <i class=\"fa czico-long-right-arrow\"><\/i><\/a><\/p>\r\n\t\t\t<div class=\"meta\">\r\n\t\t\t\t<p class=\"lieux\">Sousse<\/p>\r\n\t\t\t\t<p class=\"tps\">janvier 13, 2025<\/p>\r\n\t\t\t<\/div>\r\n\t\t\t<\/div>\r\n\t\t\t<\/div>\r\n\t\t\t<p><a href=\"#\"><img decoding=\"async\" src=\"https:\/\/www.trustdev.info\/wp-content\/uploads\/2025\/01\/post2.png\" alt=\"Trustdev\"><\/a><\/p><\/div>\r\n<p>[\/vc_column_text][\/vc_column][vc_column width=\u00a0\u00bb1\/6&Prime;][\/vc_column][\/vc_row]<\/p><\/div>","protected":false},"excerpt":{"rendered":"<p>[vc_row][vc_column width=\u00a0\u00bb1\/6&Prime;][\/vc_column][vc_column width=\u00a0\u00bb2\/3&Prime;][vc_column_text css=\u00a0\u00bb\u00a0\u00bb el_class=\u00a0\u00bbcenter_title mob_m2&Prime;] Rejoignez notre \u00e9quipe : Construisonsl&rsquo;avenir &#8230; <\/p>\n","protected":false},"author":1,"featured_media":0,"parent":0,"menu_order":0,"comment_status":"closed","ping_status":"closed","template":"","meta":{"footnotes":""},"class_list":["post-340","page","type-page","status-publish","hentry"],"yoast_head":"<!-- This site is optimized with the Yoast SEO plugin v24.2 - https:\/\/yoast.com\/wordpress\/plugins\/seo\/ -->\n<title>Carri\u00e8res - Trustdev<\/title>\n<meta name=\"description\" content=\"Rejoignez Trustdev et b\u00e2tissez votre avenir dans le digital. D\u00e9couvrez nos opportunit\u00e9s de carri\u00e8re et int\u00e9grez une \u00e9quipe innovante.\" \/>\n<meta name=\"robots\" content=\"index, follow, max-snippet:-1, max-image-preview:large, max-video-preview:-1\" \/>\n<link rel=\"canonical\" href=\"https:\/\/www.trustdev.info\/fr\/carrieres\/\" \/>\n<meta property=\"og:locale\" content=\"fr_FR\" \/>\n<meta property=\"og:type\" content=\"article\" \/>\n<meta property=\"og:title\" content=\"Carri\u00e8res - Trustdev\" \/>\n<meta property=\"og:description\" content=\"Rejoignez Trustdev et b\u00e2tissez votre avenir dans le digital. D\u00e9couvrez nos opportunit\u00e9s de carri\u00e8re et int\u00e9grez une \u00e9quipe innovante.\" \/>\n<meta property=\"og:url\" content=\"https:\/\/www.trustdev.info\/fr\/carrieres\/\" \/>\n<meta property=\"og:site_name\" content=\"Trustdev\" \/>\n<meta property=\"article:publisher\" content=\"https:\/\/www.facebook.com\/trustdev.info\" \/>\n<meta property=\"article:modified_time\" content=\"2025-02-14T10:10:23+00:00\" \/>\n<meta name=\"twitter:card\" content=\"summary_large_image\" \/>\n<meta name=\"twitter:label1\" content=\"Est. reading time\" \/>\n\t<meta name=\"twitter:data1\" content=\"1 minute\" \/>\n<script type=\"application\/ld+json\" class=\"yoast-schema-graph\">{\"@context\":\"https:\/\/schema.org\",\"@graph\":[{\"@type\":\"WebPage\",\"@id\":\"https:\/\/www.trustdev.info\/fr\/carrieres\/\",\"url\":\"https:\/\/www.trustdev.info\/fr\/carrieres\/\",\"name\":\"Carri\u00e8res - Trustdev\",\"isPartOf\":{\"@id\":\"https:\/\/www.trustdev.info\/#website\"},\"datePublished\":\"2025-01-07T13:33:37+00:00\",\"dateModified\":\"2025-02-14T10:10:23+00:00\",\"description\":\"Rejoignez Trustdev et b\u00e2tissez votre avenir dans le digital. D\u00e9couvrez nos opportunit\u00e9s de carri\u00e8re et int\u00e9grez une \u00e9quipe innovante.\",\"breadcrumb\":{\"@id\":\"https:\/\/www.trustdev.info\/fr\/carrieres\/#breadcrumb\"},\"inLanguage\":\"fr-FR\",\"potentialAction\":[{\"@type\":\"ReadAction\",\"target\":[\"https:\/\/www.trustdev.info\/fr\/carrieres\/\"]}]},{\"@type\":\"BreadcrumbList\",\"@id\":\"https:\/\/www.trustdev.info\/fr\/carrieres\/#breadcrumb\",\"itemListElement\":[{\"@type\":\"ListItem\",\"position\":1,\"name\":\"Home\",\"item\":\"https:\/\/www.trustdev.info\/fr\/\"},{\"@type\":\"ListItem\",\"position\":2,\"name\":\"Carri\u00e8res\"}]},{\"@type\":\"WebSite\",\"@id\":\"https:\/\/www.trustdev.info\/#website\",\"url\":\"https:\/\/www.trustdev.info\/\",\"name\":\"Trustdev\",\"description\":\"\",\"publisher\":{\"@id\":\"https:\/\/www.trustdev.info\/#organization\"},\"potentialAction\":[{\"@type\":\"SearchAction\",\"target\":{\"@type\":\"EntryPoint\",\"urlTemplate\":\"https:\/\/www.trustdev.info\/?s={search_term_string}\"},\"query-input\":{\"@type\":\"PropertyValueSpecification\",\"valueRequired\":true,\"valueName\":\"search_term_string\"}}],\"inLanguage\":\"fr-FR\"},{\"@type\":\"Organization\",\"@id\":\"https:\/\/www.trustdev.info\/#organization\",\"name\":\"Trustdev\",\"url\":\"https:\/\/www.trustdev.info\/\",\"logo\":{\"@type\":\"ImageObject\",\"inLanguage\":\"fr-FR\",\"@id\":\"https:\/\/www.trustdev.info\/#\/schema\/logo\/image\/\",\"url\":\"https:\/\/www.trustdev.info\/wp-content\/uploads\/2025\/01\/trustdev.png\",\"contentUrl\":\"https:\/\/www.trustdev.info\/wp-content\/uploads\/2025\/01\/trustdev.png\",\"width\":305,\"height\":110,\"caption\":\"Trustdev\"},\"image\":{\"@id\":\"https:\/\/www.trustdev.info\/#\/schema\/logo\/image\/\"},\"sameAs\":[\"https:\/\/www.facebook.com\/trustdev.info\",\"https:\/\/www.linkedin.com\/company\/trustdev-co\/\"]}]}<\/script>\n<!-- \/ Yoast SEO plugin. -->","yoast_head_json":{"title":"Carri\u00e8res - Trustdev","description":"Rejoignez Trustdev et b\u00e2tissez votre avenir dans le digital. D\u00e9couvrez nos opportunit\u00e9s de carri\u00e8re et int\u00e9grez une \u00e9quipe innovante.","robots":{"index":"index","follow":"follow","max-snippet":"max-snippet:-1","max-image-preview":"max-image-preview:large","max-video-preview":"max-video-preview:-1"},"canonical":"https:\/\/www.trustdev.info\/fr\/carrieres\/","og_locale":"fr_FR","og_type":"article","og_title":"Carri\u00e8res - Trustdev","og_description":"Rejoignez Trustdev et b\u00e2tissez votre avenir dans le digital. D\u00e9couvrez nos opportunit\u00e9s de carri\u00e8re et int\u00e9grez une \u00e9quipe innovante.","og_url":"https:\/\/www.trustdev.info\/fr\/carrieres\/","og_site_name":"Trustdev","article_publisher":"https:\/\/www.facebook.com\/trustdev.info","article_modified_time":"2025-02-14T10:10:23+00:00","twitter_card":"summary_large_image","twitter_misc":{"Est. reading time":"1 minute"},"schema":{"@context":"https:\/\/schema.org","@graph":[{"@type":"WebPage","@id":"https:\/\/www.trustdev.info\/fr\/carrieres\/","url":"https:\/\/www.trustdev.info\/fr\/carrieres\/","name":"Carri\u00e8res - Trustdev","isPartOf":{"@id":"https:\/\/www.trustdev.info\/#website"},"datePublished":"2025-01-07T13:33:37+00:00","dateModified":"2025-02-14T10:10:23+00:00","description":"Rejoignez Trustdev et b\u00e2tissez votre avenir dans le digital. D\u00e9couvrez nos opportunit\u00e9s de carri\u00e8re et int\u00e9grez une \u00e9quipe innovante.","breadcrumb":{"@id":"https:\/\/www.trustdev.info\/fr\/carrieres\/#breadcrumb"},"inLanguage":"fr-FR","potentialAction":[{"@type":"ReadAction","target":["https:\/\/www.trustdev.info\/fr\/carrieres\/"]}]},{"@type":"BreadcrumbList","@id":"https:\/\/www.trustdev.info\/fr\/carrieres\/#breadcrumb","itemListElement":[{"@type":"ListItem","position":1,"name":"Home","item":"https:\/\/www.trustdev.info\/fr\/"},{"@type":"ListItem","position":2,"name":"Carri\u00e8res"}]},{"@type":"WebSite","@id":"https:\/\/www.trustdev.info\/#website","url":"https:\/\/www.trustdev.info\/","name":"Trustdev","description":"","publisher":{"@id":"https:\/\/www.trustdev.info\/#organization"},"potentialAction":[{"@type":"SearchAction","target":{"@type":"EntryPoint","urlTemplate":"https:\/\/www.trustdev.info\/?s={search_term_string}"},"query-input":{"@type":"PropertyValueSpecification","valueRequired":true,"valueName":"search_term_string"}}],"inLanguage":"fr-FR"},{"@type":"Organization","@id":"https:\/\/www.trustdev.info\/#organization","name":"Trustdev","url":"https:\/\/www.trustdev.info\/","logo":{"@type":"ImageObject","inLanguage":"fr-FR","@id":"https:\/\/www.trustdev.info\/#\/schema\/logo\/image\/","url":"https:\/\/www.trustdev.info\/wp-content\/uploads\/2025\/01\/trustdev.png","contentUrl":"https:\/\/www.trustdev.info\/wp-content\/uploads\/2025\/01\/trustdev.png","width":305,"height":110,"caption":"Trustdev"},"image":{"@id":"https:\/\/www.trustdev.info\/#\/schema\/logo\/image\/"},"sameAs":["https:\/\/www.facebook.com\/trustdev.info","https:\/\/www.linkedin.com\/company\/trustdev-co\/"]}]}},"_links":{"self":[{"href":"https:\/\/www.trustdev.info\/fr\/wp-json\/wp\/v2\/pages\/340","targetHints":{"allow":["GET"]}}],"collection":[{"href":"https:\/\/www.trustdev.info\/fr\/wp-json\/wp\/v2\/pages"}],"about":[{"href":"https:\/\/www.trustdev.info\/fr\/wp-json\/wp\/v2\/types\/page"}],"author":[{"embeddable":true,"href":"https:\/\/www.trustdev.info\/fr\/wp-json\/wp\/v2\/users\/1"}],"replies":[{"embeddable":true,"href":"https:\/\/www.trustdev.info\/fr\/wp-json\/wp\/v2\/comments?post=340"}],"version-history":[{"count":3,"href":"https:\/\/www.trustdev.info\/fr\/wp-json\/wp\/v2\/pages\/340\/revisions"}],"predecessor-version":[{"id":407,"href":"https:\/\/www.trustdev.info\/fr\/wp-json\/wp\/v2\/pages\/340\/revisions\/407"}],"wp:attachment":[{"href":"https:\/\/www.trustdev.info\/fr\/wp-json\/wp\/v2\/media?parent=340"}],"curies":[{"name":"wp","href":"https:\/\/api.w.org\/{rel}","templated":true}]}}