{"id":339,"date":"2025-01-07T13:30:31","date_gmt":"2025-01-07T13:30:31","guid":{"rendered":"https:\/\/www.trustdev.info\/blog\/"},"modified":"2025-07-29T10:58:31","modified_gmt":"2025-07-29T10:58:31","slug":"blog","status":"publish","type":"page","link":"https:\/\/www.trustdev.info\/fr\/blog\/","title":{"rendered":"Blog"},"content":{"rendered":"<div class=\"wpb-content-wrapper\"><p>[vc_section][vc_row][vc_column width=\u00a0\u00bb1\/12&Prime;][\/vc_column][vc_column width=\u00a0\u00bb10\/12&Prime;][vc_row_inner el_class=\u00a0\u00bbmob_m1&Prime;][vc_column_inner]<div class=\"cz_gap clr \" style=\"height: 30px\"><\/div>[vc_column_text css=\u00a0\u00bb\u00a0\u00bb el_class=\u00a0\u00bbcenter_title\u00a0\u00bb]<\/p>\n<h2>D\u00e9couvrez nos blogs inspirants en un clic.<\/h2>\n<p>[\/vc_column_text]<div class=\"cz_gap clr \" style=\"height: 30px\"><\/div>[\/vc_column_inner][\/vc_row_inner]<div id=\"cz_47510\" class=\"cz_47510\"><div class=\"cz_grid cz_grid_1 clr cz_grid_c3 cz_grid_1_title_sub_after cz_grid_1_has_excerpt cz_grid_1_bot tal blog_section\" data-gap=\"30\" data-atts='{\"action\":\"cz_ajax_posts\",\"post_class\":\"cz_grid_item\",\"post__in\":null,\"author__in\":null,\"nonce\":\"bb83a0b659\",\"nonce_id\":\"cz_47510\",\"loadmore_end\":\"Not found more posts\",\"layout\":\"cz_grid_c3\",\"hover\":\"cz_grid_1_title_sub_after cz_grid_1_has_excerpt\",\"image_size\":\"300x175\",\"subtitles\":\"%5B%7B%22t%22%3A%22cats%22%7D%5D\",\"subtitle_pos\":\"\",\"icon\":\"fa fa-search\",\"el\":\"20\",\"title_lenght\":\"\",\"cat_tax\":\"category\",\"cat\":\"\",\"cat_exclude\":\"\",\"tag_tax\":\"post_tag\",\"tag_id\":\"\",\"tag_exclude\":\"\",\"post_type\":\"post\",\"posts_per_page\":\"50\",\"order\":\"DESC\",\"orderby\":\"date\",\"tilt_data\":null,\"svg_sizes\":[\"0\",\"0\"],\"img_fx\":\"\",\"custom_size\":\"300x175\",\"excerpt_rm\":false,\"title_tag\":\"h3\",\"s\":\"\"}'><div class=\"cz_grid_item cz_grid_first\"><\/div><div data-id=\"559\" class=\"cz_grid_item  cz_posts_list_even 559 post-559 post type-post status-publish format-standard has-post-thumbnail hentry category-business-fr\"><div class=\"clr\"><a class=\"cz_grid_link\" href=\"https:\/\/www.trustdev.info\/fr\/technologies-ecommerce-2025-croissance\/\" title=\"Tech e-commerce 2025 : booster la croissance\"><img decoding=\"async\" class=\"\" src=\"https:\/\/www.trustdev.info\/wp-content\/uploads\/2025\/07\/image-59-300x175.png\" width=\"300\" height=\"175\" alt=\"image 59\" title=\"image 59\" loading=\"lazy\" \/><div class=\"cz_grid_details\"><i class=\"fa fa-search cz_grid_icon\"><\/i><\/div><\/a><div class=\"cz_grid_details cz_grid_details_outside\"><a class=\"cz_grid_title\" href=\"https:\/\/www.trustdev.info\/fr\/technologies-ecommerce-2025-croissance\/\"><h3>Tech e-commerce 2025 : booster la croissance<\/h3><\/a><small class=\"clr\"><span class=\"cz_post_data cz_data_cats\"><a href=\"https:\/\/www.trustdev.info\/fr\/category\/business-fr\/\" rel=\"tag\">Business<\/a><\/span><\/small><div class=\"cz_post_excerpt\">Le paysage du commerce \u00e9lectronique en 2025 est plus dynamique et comp\u00e9titif que jamais, port\u00e9 par une innovation technologique continue ...<\/div><\/div><\/div><\/div><div data-id=\"553\" class=\"cz_grid_item  cz_posts_list_odd 553 post-553 post type-post status-publish format-standard has-post-thumbnail hentry category-technology-fr\"><div class=\"clr\"><a class=\"cz_grid_link\" href=\"https:\/\/www.trustdev.info\/fr\/ia-transformation-developpement-web-2025\/\" title=\"Comment l\u2019IA transforme le d\u00e9veloppement web en 2025\"><img decoding=\"async\" class=\"\" src=\"https:\/\/www.trustdev.info\/wp-content\/uploads\/2025\/07\/image-58-300x175.png\" width=\"300\" height=\"175\" alt=\"image 58\" title=\"image 58\" loading=\"lazy\" \/><div class=\"cz_grid_details\"><i class=\"fa fa-search cz_grid_icon\"><\/i><\/div><\/a><div class=\"cz_grid_details cz_grid_details_outside\"><a class=\"cz_grid_title\" href=\"https:\/\/www.trustdev.info\/fr\/ia-transformation-developpement-web-2025\/\"><h3>Comment l\u2019IA transforme le d\u00e9veloppement web en 2025<\/h3><\/a><small class=\"clr\"><span class=\"cz_post_data cz_data_cats\"><a href=\"https:\/\/www.trustdev.info\/fr\/category\/technology-fr\/\" rel=\"tag\">Technology<\/a><\/span><\/small><div class=\"cz_post_excerpt\">L\u2019intelligence artificielle ne se contente pas d\u2019influencer, elle transforme fondamentalement le d\u00e9veloppement web en 2025. Elle \u00e9volue d ...<\/div><\/div><\/div><\/div><div data-id=\"550\" class=\"cz_grid_item  cz_posts_list_even 550 post-550 post type-post status-publish format-standard has-post-thumbnail hentry category-technology-fr\"><div class=\"clr\"><a class=\"cz_grid_link\" href=\"https:\/\/www.trustdev.info\/fr\/top-tendances-technologiques-2025\/\" title=\"Les 5 technologies \u00e9mergentes de 2025 qui red\u00e9finiront notre avenir\"><img decoding=\"async\" class=\"\" src=\"https:\/\/www.trustdev.info\/wp-content\/uploads\/2025\/07\/image-57-300x175.png\" width=\"300\" height=\"175\" alt=\"image 57\" title=\"image 57\" loading=\"lazy\" \/><div class=\"cz_grid_details\"><i class=\"fa fa-search cz_grid_icon\"><\/i><\/div><\/a><div class=\"cz_grid_details cz_grid_details_outside\"><a class=\"cz_grid_title\" href=\"https:\/\/www.trustdev.info\/fr\/top-tendances-technologiques-2025\/\"><h3>Les 5 technologies \u00e9mergentes de 2025 qui red\u00e9finiront notre avenir<\/h3><\/a><small class=\"clr\"><span class=\"cz_post_data cz_data_cats\"><a href=\"https:\/\/www.trustdev.info\/fr\/category\/technology-fr\/\" rel=\"tag\">Technology<\/a><\/span><\/small><div class=\"cz_post_excerpt\">L\u2019ann\u00e9e 2025 marque un tournant majeur dans le progr\u00e8s technologique, avec la convergence de plusieurs tendances cl\u00e9s qui red\u00e9finissent ...<\/div><\/div><\/div><\/div><div data-id=\"366\" class=\"cz_grid_item  cz_posts_list_odd 366 post-366 post type-post status-publish format-standard has-post-thumbnail hentry category-startup-fr\"><div class=\"clr\"><a class=\"cz_grid_link\" href=\"https:\/\/www.trustdev.info\/fr\/this-long-awaited-technology-may-finally-change-the-world\/\" title=\"Cette technologie tant attendue pourrait enfin changer le monde\"><img decoding=\"async\" class=\"\" src=\"https:\/\/www.trustdev.info\/wp-content\/uploads\/2025\/01\/new-technology-300x175.png\" width=\"300\" height=\"175\" alt=\"new-technology\" title=\"new-technology\" loading=\"lazy\" \/><div class=\"cz_grid_details\"><i class=\"fa fa-search cz_grid_icon\"><\/i><\/div><\/a><div class=\"cz_grid_details cz_grid_details_outside\"><a class=\"cz_grid_title\" href=\"https:\/\/www.trustdev.info\/fr\/this-long-awaited-technology-may-finally-change-the-world\/\"><h3>Cette technologie tant attendue pourrait enfin changer le monde<\/h3><\/a><small class=\"clr\"><span class=\"cz_post_data cz_data_cats\"><a href=\"https:\/\/www.trustdev.info\/fr\/category\/startup-fr\/\" rel=\"tag\">Startup<\/a><\/span><\/small><div class=\"cz_post_excerpt\">[vc_row][vc_column][vc_column_text css=\"\"] Cette technologie tant attendue pourrait enfin changer le monde Dans le paysage en constante \u00e9volution de ...<\/div><\/div><\/div><\/div><div data-id=\"368\" class=\"cz_grid_item  cz_posts_list_even 368 post-368 post type-post status-publish format-standard has-post-thumbnail hentry category-technology-fr\"><div class=\"clr\"><a class=\"cz_grid_link\" href=\"https:\/\/www.trustdev.info\/fr\/cette-semaine-dans-la-recherche-nouvelles-limites-fonctionnalites-passionnantes\/\" title=\"Cette semaine en recherche : nouvelles limites et fonctionnalit\u00e9s !\"><img decoding=\"async\" class=\"\" src=\"https:\/\/www.trustdev.info\/wp-content\/uploads\/2025\/01\/technology-1-300x175.jpg\" width=\"300\" height=\"175\" alt=\"technology\" title=\"technology\" loading=\"lazy\" \/><div class=\"cz_grid_details\"><i class=\"fa fa-search cz_grid_icon\"><\/i><\/div><\/a><div class=\"cz_grid_details cz_grid_details_outside\"><a class=\"cz_grid_title\" href=\"https:\/\/www.trustdev.info\/fr\/cette-semaine-dans-la-recherche-nouvelles-limites-fonctionnalites-passionnantes\/\"><h3>Cette semaine en recherche : nouvelles limites et fonctionnalit\u00e9s !<\/h3><\/a><small class=\"clr\"><span class=\"cz_post_data cz_data_cats\"><a href=\"https:\/\/www.trustdev.info\/fr\/category\/technology-fr\/\" rel=\"tag\">Technology<\/a><\/span><\/small><div class=\"cz_post_excerpt\">[vc_row][vc_column][vc_column_text css=\"\"] Cette semaine dans la recherche : Nouvelles limites et fonctionnalit\u00e9s passionnantes. Les moteurs de recherche \u00e9voluent \u00e0 ...<\/div><\/div><\/div><\/div><div data-id=\"367\" class=\"cz_grid_item  cz_posts_list_odd 367 post-367 post type-post status-publish format-standard has-post-thumbnail hentry category-business-fr\"><div class=\"clr\"><a class=\"cz_grid_link\" href=\"https:\/\/www.trustdev.info\/fr\/a-study-on-smartwatch-design-qualities-and-peoples-preferences\/\" title=\"Une \u00e9tude sur le design et les pr\u00e9f\u00e9rences des montres connect\u00e9es\"><img decoding=\"async\" class=\"\" src=\"https:\/\/www.trustdev.info\/wp-content\/uploads\/2025\/01\/smart-watch-300x175.jpg\" width=\"300\" height=\"175\" alt=\"smart-watch\" title=\"smart-watch\" loading=\"lazy\" \/><div class=\"cz_grid_details\"><i class=\"fa fa-search cz_grid_icon\"><\/i><\/div><\/a><div class=\"cz_grid_details cz_grid_details_outside\"><a class=\"cz_grid_title\" href=\"https:\/\/www.trustdev.info\/fr\/a-study-on-smartwatch-design-qualities-and-peoples-preferences\/\"><h3>Une \u00e9tude sur le design et les pr\u00e9f\u00e9rences des montres connect\u00e9es<\/h3><\/a><small class=\"clr\"><span class=\"cz_post_data cz_data_cats\"><a href=\"https:\/\/www.trustdev.info\/fr\/category\/business-fr\/\" rel=\"tag\">Business<\/a><\/span><\/small><div class=\"cz_post_excerpt\">[vc_row][vc_column][vc_column_text css=\"\"] Une \u00e9tude sur les qualit\u00e9s de conception des montres connect\u00e9es et les pr\u00e9f\u00e9rences des utilisateurs \u00c0 ...<\/div><\/div><\/div><\/div><\/div><\/div>[\/vc_column][vc_column width=\u00a0\u00bb1\/12&Prime;][\/vc_column][\/vc_row][\/vc_section]<\/p>\n<\/div>","protected":false},"excerpt":{"rendered":"<p>[vc_section][vc_row][vc_column width=\u00a0\u00bb1\/12&Prime;][\/vc_column][vc_column width=\u00a0\u00bb10\/12&Prime;][vc_row_inner el_class=\u00a0\u00bbmob_m1&Prime;][vc_column_inner][vc_column_text css=\u00a0\u00bb\u00a0\u00bb el_class=\u00a0\u00bbcenter_title\u00a0\u00bb] D\u00e9couvrez nos blogs inspirants en un clic. [\/vc_column_text][\/vc_column_inner][\/vc_row_inner][\/vc_column][vc_column width=\u00a0\u00bb1\/12&Prime;][\/vc_column][\/vc_row][\/vc_section] &#8230; <a class=\"cz_readmore\" href=\"https:\/\/www.trustdev.info\/fr\/a-study-on-smartwatch-design-qualities-and-peoples-preferences\/\"><i class=\"fa fa-angle-right\" aria-hidden=\"true\"><\/i><span>Read More<\/span><\/a><\/p>\n","protected":false},"author":1,"featured_media":0,"parent":0,"menu_order":0,"comment_status":"closed","ping_status":"closed","template":"","meta":{"footnotes":""},"class_list":["post-339","page","type-page","status-publish","hentry"],"yoast_head":"<!-- This site is optimized with the Yoast SEO plugin v24.2 - https:\/\/yoast.com\/wordpress\/plugins\/seo\/ -->\n<title>Blog - Trustdev<\/title>\n<meta name=\"description\" content=\"Explorez les actualit\u00e9s et conseils num\u00e9riques sur le blog de Trustdev pour optimiser et booster votre entreprise.\" \/>\n<meta name=\"robots\" content=\"index, follow, max-snippet:-1, max-image-preview:large, max-video-preview:-1\" \/>\n<link rel=\"canonical\" href=\"https:\/\/www.trustdev.info\/fr\/blog\/\" \/>\n<meta property=\"og:locale\" content=\"fr_FR\" \/>\n<meta property=\"og:type\" content=\"article\" \/>\n<meta property=\"og:title\" content=\"Blog - Trustdev\" \/>\n<meta property=\"og:description\" content=\"Explorez les actualit\u00e9s et conseils num\u00e9riques sur le blog de Trustdev pour optimiser et booster votre entreprise.\" \/>\n<meta property=\"og:url\" content=\"https:\/\/www.trustdev.info\/fr\/blog\/\" \/>\n<meta property=\"og:site_name\" content=\"Trustdev\" \/>\n<meta property=\"article:publisher\" content=\"https:\/\/www.facebook.com\/trustdev.info\" \/>\n<meta property=\"article:modified_time\" content=\"2025-07-29T10:58:31+00:00\" \/>\n<meta name=\"twitter:card\" content=\"summary_large_image\" \/>\n<meta name=\"twitter:label1\" content=\"Est. reading time\" \/>\n\t<meta name=\"twitter:data1\" content=\"1 minute\" \/>\n<script type=\"application\/ld+json\" class=\"yoast-schema-graph\">{\"@context\":\"https:\/\/schema.org\",\"@graph\":[{\"@type\":\"WebPage\",\"@id\":\"https:\/\/www.trustdev.info\/fr\/blog\/\",\"url\":\"https:\/\/www.trustdev.info\/fr\/blog\/\",\"name\":\"Blog - Trustdev\",\"isPartOf\":{\"@id\":\"https:\/\/www.trustdev.info\/#website\"},\"datePublished\":\"2025-01-07T13:30:31+00:00\",\"dateModified\":\"2025-07-29T10:58:31+00:00\",\"description\":\"Explorez les actualit\u00e9s et conseils num\u00e9riques sur le blog de Trustdev pour optimiser et booster votre entreprise.\",\"breadcrumb\":{\"@id\":\"https:\/\/www.trustdev.info\/fr\/blog\/#breadcrumb\"},\"inLanguage\":\"fr-FR\",\"potentialAction\":[{\"@type\":\"ReadAction\",\"target\":[\"https:\/\/www.trustdev.info\/fr\/blog\/\"]}]},{\"@type\":\"BreadcrumbList\",\"@id\":\"https:\/\/www.trustdev.info\/fr\/blog\/#breadcrumb\",\"itemListElement\":[{\"@type\":\"ListItem\",\"position\":1,\"name\":\"Home\",\"item\":\"https:\/\/www.trustdev.info\/fr\/\"},{\"@type\":\"ListItem\",\"position\":2,\"name\":\"Blog\"}]},{\"@type\":\"WebSite\",\"@id\":\"https:\/\/www.trustdev.info\/#website\",\"url\":\"https:\/\/www.trustdev.info\/\",\"name\":\"Trustdev\",\"description\":\"\",\"publisher\":{\"@id\":\"https:\/\/www.trustdev.info\/#organization\"},\"potentialAction\":[{\"@type\":\"SearchAction\",\"target\":{\"@type\":\"EntryPoint\",\"urlTemplate\":\"https:\/\/www.trustdev.info\/?s={search_term_string}\"},\"query-input\":{\"@type\":\"PropertyValueSpecification\",\"valueRequired\":true,\"valueName\":\"search_term_string\"}}],\"inLanguage\":\"fr-FR\"},{\"@type\":\"Organization\",\"@id\":\"https:\/\/www.trustdev.info\/#organization\",\"name\":\"Trustdev\",\"url\":\"https:\/\/www.trustdev.info\/\",\"logo\":{\"@type\":\"ImageObject\",\"inLanguage\":\"fr-FR\",\"@id\":\"https:\/\/www.trustdev.info\/#\/schema\/logo\/image\/\",\"url\":\"https:\/\/www.trustdev.info\/wp-content\/uploads\/2025\/01\/trustdev.png\",\"contentUrl\":\"https:\/\/www.trustdev.info\/wp-content\/uploads\/2025\/01\/trustdev.png\",\"width\":305,\"height\":110,\"caption\":\"Trustdev\"},\"image\":{\"@id\":\"https:\/\/www.trustdev.info\/#\/schema\/logo\/image\/\"},\"sameAs\":[\"https:\/\/www.facebook.com\/trustdev.info\",\"https:\/\/www.linkedin.com\/company\/trustdev-co\/\"]}]}<\/script>\n<!-- \/ Yoast SEO plugin. -->","yoast_head_json":{"title":"Blog - Trustdev","description":"Explorez les actualit\u00e9s et conseils num\u00e9riques sur le blog de Trustdev pour optimiser et booster votre entreprise.","robots":{"index":"index","follow":"follow","max-snippet":"max-snippet:-1","max-image-preview":"max-image-preview:large","max-video-preview":"max-video-preview:-1"},"canonical":"https:\/\/www.trustdev.info\/fr\/blog\/","og_locale":"fr_FR","og_type":"article","og_title":"Blog - Trustdev","og_description":"Explorez les actualit\u00e9s et conseils num\u00e9riques sur le blog de Trustdev pour optimiser et booster votre entreprise.","og_url":"https:\/\/www.trustdev.info\/fr\/blog\/","og_site_name":"Trustdev","article_publisher":"https:\/\/www.facebook.com\/trustdev.info","article_modified_time":"2025-07-29T10:58:31+00:00","twitter_card":"summary_large_image","twitter_misc":{"Est. reading time":"1 minute"},"schema":{"@context":"https:\/\/schema.org","@graph":[{"@type":"WebPage","@id":"https:\/\/www.trustdev.info\/fr\/blog\/","url":"https:\/\/www.trustdev.info\/fr\/blog\/","name":"Blog - Trustdev","isPartOf":{"@id":"https:\/\/www.trustdev.info\/#website"},"datePublished":"2025-01-07T13:30:31+00:00","dateModified":"2025-07-29T10:58:31+00:00","description":"Explorez les actualit\u00e9s et conseils num\u00e9riques sur le blog de Trustdev pour optimiser et booster votre entreprise.","breadcrumb":{"@id":"https:\/\/www.trustdev.info\/fr\/blog\/#breadcrumb"},"inLanguage":"fr-FR","potentialAction":[{"@type":"ReadAction","target":["https:\/\/www.trustdev.info\/fr\/blog\/"]}]},{"@type":"BreadcrumbList","@id":"https:\/\/www.trustdev.info\/fr\/blog\/#breadcrumb","itemListElement":[{"@type":"ListItem","position":1,"name":"Home","item":"https:\/\/www.trustdev.info\/fr\/"},{"@type":"ListItem","position":2,"name":"Blog"}]},{"@type":"WebSite","@id":"https:\/\/www.trustdev.info\/#website","url":"https:\/\/www.trustdev.info\/","name":"Trustdev","description":"","publisher":{"@id":"https:\/\/www.trustdev.info\/#organization"},"potentialAction":[{"@type":"SearchAction","target":{"@type":"EntryPoint","urlTemplate":"https:\/\/www.trustdev.info\/?s={search_term_string}"},"query-input":{"@type":"PropertyValueSpecification","valueRequired":true,"valueName":"search_term_string"}}],"inLanguage":"fr-FR"},{"@type":"Organization","@id":"https:\/\/www.trustdev.info\/#organization","name":"Trustdev","url":"https:\/\/www.trustdev.info\/","logo":{"@type":"ImageObject","inLanguage":"fr-FR","@id":"https:\/\/www.trustdev.info\/#\/schema\/logo\/image\/","url":"https:\/\/www.trustdev.info\/wp-content\/uploads\/2025\/01\/trustdev.png","contentUrl":"https:\/\/www.trustdev.info\/wp-content\/uploads\/2025\/01\/trustdev.png","width":305,"height":110,"caption":"Trustdev"},"image":{"@id":"https:\/\/www.trustdev.info\/#\/schema\/logo\/image\/"},"sameAs":["https:\/\/www.facebook.com\/trustdev.info","https:\/\/www.linkedin.com\/company\/trustdev-co\/"]}]}},"_links":{"self":[{"href":"https:\/\/www.trustdev.info\/fr\/wp-json\/wp\/v2\/pages\/339","targetHints":{"allow":["GET"]}}],"collection":[{"href":"https:\/\/www.trustdev.info\/fr\/wp-json\/wp\/v2\/pages"}],"about":[{"href":"https:\/\/www.trustdev.info\/fr\/wp-json\/wp\/v2\/types\/page"}],"author":[{"embeddable":true,"href":"https:\/\/www.trustdev.info\/fr\/wp-json\/wp\/v2\/users\/1"}],"replies":[{"embeddable":true,"href":"https:\/\/www.trustdev.info\/fr\/wp-json\/wp\/v2\/comments?post=339"}],"version-history":[{"count":2,"href":"https:\/\/www.trustdev.info\/fr\/wp-json\/wp\/v2\/pages\/339\/revisions"}],"predecessor-version":[{"id":565,"href":"https:\/\/www.trustdev.info\/fr\/wp-json\/wp\/v2\/pages\/339\/revisions\/565"}],"wp:attachment":[{"href":"https:\/\/www.trustdev.info\/fr\/wp-json\/wp\/v2\/media?parent=339"}],"curies":[{"name":"wp","href":"https:\/\/api.w.org\/{rel}","templated":true}]}}