{"id":338,"date":"2025-01-07T13:26:44","date_gmt":"2025-01-07T13:26:44","guid":{"rendered":"https:\/\/www.trustdev.info\/about-us\/"},"modified":"2025-02-14T09:59:11","modified_gmt":"2025-02-14T09:59:11","slug":"a-propos","status":"publish","type":"page","link":"https:\/\/www.trustdev.info\/fr\/a-propos\/","title":{"rendered":"\u00c0 propos"},"content":{"rendered":"<div class=\"wpb-content-wrapper\"><p>[vc_section][vc_row][vc_column width=\u00a0\u00bb1\/12&Prime;][\/vc_column][vc_column width=\u00a0\u00bb10\/12&Prime;][vc_column_text css=\u00a0\u00bb\u00a0\u00bb el_class=\u00a0\u00bbcenter_title mob_m2&Prime;]<\/p>\n<h2>Nous sommes une \u00e9quipe d&rsquo;experts IT d\u00e9di\u00e9e.<\/h2>\n<p>[\/vc_column_text]<div class=\"cz_gap clr  hide_on_mobile\" style=\"height: 50px\"><\/div><div class=\"cz_gap show_on_mobile clr\" style=\"height: 0px\"><\/div>[vc_row_inner content_placement=\u00a0\u00bbmiddle\u00a0\u00bb][vc_column_inner width=\u00a0\u00bb1\/2&Prime;][vc_column_text css=\u00a0\u00bb\u00a0\u00bb el_class=\u00a0\u00bbtxt2&Prime;]<\/p>\n<h3>Ma\u00eetriser l&rsquo;art de l&rsquo;excellence digitale.<\/h3>\n<p>Chez Trustdev, nous croyons en l&rsquo;avenir num\u00e9rique du commerce. Avec notre expertise et notre approche personnalis\u00e9e, nous vous accompagnons pour transformer votre entreprise, optimiser vos performances et maximiser votre succ\u00e8s dans un monde en constante \u00e9volution.[\/vc_column_text][\/vc_column_inner][vc_column_inner width=\u00a0\u00bb1\/2&Prime;]<div id=\"cz_105226\" class=\"cz_105226 cz_image clr cz_image_no_fx center_on_mobile\"><div class=\"\" ><div class=\"cz_image_in\"><div class=\"cz_main_image\"><img decoding=\"async\" width=\"471\" height=\"368\" src=\"https:\/\/www.trustdev.info\/wp-content\/uploads\/2025\/01\/digital.png\" class=\"attachment-full\" alt=\"\" title=\"digital\" srcset=\"https:\/\/www.trustdev.info\/wp-content\/uploads\/2025\/01\/digital.png 471w, https:\/\/www.trustdev.info\/wp-content\/uploads\/2025\/01\/digital-300x234.png 300w\" sizes=\"(max-width: 471px) 100vw, 471px\" \/><\/div><\/div><\/div><\/div>[\/vc_column_inner][\/vc_row_inner]<div class=\"cz_gap clr  hide_on_mobile\" style=\"height: 85px\"><\/div><div class=\"cz_gap show_on_mobile clr\" style=\"height: 40px\"><\/div>[vc_row_inner el_class=\u00a0\u00bbmob_inverse\u00a0\u00bb][vc_column_inner width=\u00a0\u00bb2\/3&Prime;]<div id=\"cz_33786\" class=\"cz_33786 cz_image clr cz_image_no_fx center_on_mobile\"><div class=\"\" ><div class=\"cz_image_in\"><div class=\"cz_main_image\"><img decoding=\"async\" width=\"643\" height=\"444\" src=\"https:\/\/www.trustdev.info\/wp-content\/uploads\/2025\/01\/Digital-transformation.png\" class=\"attachment-full\" alt=\"\" title=\"Digital-transformation\" srcset=\"https:\/\/www.trustdev.info\/wp-content\/uploads\/2025\/01\/Digital-transformation.png 643w, https:\/\/www.trustdev.info\/wp-content\/uploads\/2025\/01\/Digital-transformation-300x207.png 300w, https:\/\/www.trustdev.info\/wp-content\/uploads\/2025\/01\/Digital-transformation-600x414.png 600w\" sizes=\"(max-width: 643px) 100vw, 643px\" \/><\/div><\/div><\/div><\/div>[\/vc_column_inner][vc_column_inner el_class=\u00a0\u00bbabs1&Prime; width=\u00a0\u00bb1\/3&Prime;][vc_column_text css=\u00a0\u00bb\u00a0\u00bb]<\/p>\n<h3>Votre partenaire en transformation num\u00e9rique.<\/h3>\n<p>Nous sommes une \u00e9quipe d&rsquo;experts passionn\u00e9s, d\u00e9di\u00e9e \u00e0 l&rsquo;innovation technologique. Gr\u00e2ce \u00e0 l&rsquo;IA, la mod\u00e9lisation 3D et le marketing digital, nous cr\u00e9ons des exp\u00e9riences digitales exceptionnelles[\/vc_column_text][\/vc_column_inner][\/vc_row_inner]<div class=\"cz_gap clr  hide_on_mobile\" style=\"height: 200px\"><\/div><div class=\"cz_gap show_on_mobile clr\" style=\"height: 50px\"><\/div>[vc_row_inner][vc_column_inner width=\u00a0\u00bb1\/2&Prime;][vc_column_text css=\u00a0\u00bb\u00a0\u00bb el_class=\u00a0\u00bbbig_txt1&Prime;]D\u00e9couvrez l&rsquo;impact de Trustdev<br \/>\n\u00e0 travers nos chiffres[\/vc_column_text][\/vc_column_inner][vc_column_inner width=\u00a0\u00bb1\/2&Prime;][vc_column_text css=\u00a0\u00bb\u00a0\u00bb el_class=\u00a0\u00bbtxt1 right_content\u00a0\u00bb]Des chiffres qui comptent : Explorez les succ\u00e8s<br \/>\nde Trustdev et pourquoi les entreprises<br \/>\nnous font confiance.[\/vc_column_text][\/vc_column_inner][\/vc_row_inner][vc_row_inner el_class=\u00a0\u00bbhalf_mob\u00a0\u00bb][vc_column_inner width=\u00a0\u00bb1\/4&Prime;]<div id=\"cz_55543\" data-disable-comma=\"\" data-duration=\"4000\" data-delay=\"0000\" class=\"cz_55543 cz_counter clr tal cz_1row\"><div class=\"\"><span class=\"cz_counter_before\">+<\/span><span class=\"cz_counter_num_wrap\"><span class=\"cz_counter_num\">50<\/span><\/span><span class=\"cz_counter_after\">Clients<\/span><\/div><\/div>[\/vc_column_inner][vc_column_inner width=\u00a0\u00bb1\/4&Prime;]<div id=\"cz_85783\" data-disable-comma=\"\" data-duration=\"4000\" data-delay=\"0000\" class=\"cz_85783 cz_counter clr tac cz_1row\"><div class=\"\"><span class=\"cz_counter_before\">+<\/span><span class=\"cz_counter_num_wrap\"><span class=\"cz_counter_num\">40<\/span><\/span><span class=\"cz_counter_after\">Projets r\u00e9alis\u00e9s<\/span><\/div><\/div>[\/vc_column_inner][vc_column_inner width=\u00a0\u00bb1\/4&Prime;]<div id=\"cz_86150\" data-disable-comma=\"\" data-duration=\"4000\" data-delay=\"0000\" class=\"cz_86150 cz_counter clr tac cz_1row\"><div class=\"\"><span class=\"cz_counter_before\">+<\/span><span class=\"cz_counter_num_wrap\"><span class=\"cz_counter_num\">15<\/span><\/span><span class=\"cz_counter_after\">Partenaires de confiance<\/span><\/div><\/div>[\/vc_column_inner][vc_column_inner width=\u00a0\u00bb1\/4&Prime;]<div id=\"cz_23821\" data-disable-comma=\"\" data-duration=\"4000\" data-delay=\"0000\" class=\"cz_23821 cz_counter clr tar cz_1row\"><div class=\"\"><span class=\"cz_counter_before\">+<\/span><span class=\"cz_counter_num_wrap\"><span class=\"cz_counter_num\">40<\/span><\/span><span class=\"cz_counter_after\">Taux de satisfaction<\/span><\/div><\/div>[\/vc_column_inner][\/vc_row_inner]<div class=\"cz_gap clr  hide_on_mobile\" style=\"height: 100px\"><\/div><div class=\"cz_gap show_on_mobile clr\" style=\"height: 50px\"><\/div>[vc_column_text css=\u00a0\u00bb\u00a0\u00bb el_class=\u00a0\u00bbcenter_title mob_m2&Prime;]<\/p>\n<h2>Trustdev : Transformer les id\u00e9es en solutions digitales<\/h2>\n<p>[\/vc_column_text]<div id=\"cz_110647\" class=\"cz_110647 cz_image clr cz_image_no_fx center_on_mobile\"><div class=\"\" ><div class=\"cz_image_in\"><div class=\"cz_main_image\"><img decoding=\"async\" width=\"979\" height=\"642\" src=\"https:\/\/www.trustdev.info\/wp-content\/uploads\/2025\/01\/Digital-transformation-1.png\" class=\"attachment-full\" alt=\"\" title=\"Digital-transformation\" srcset=\"https:\/\/www.trustdev.info\/wp-content\/uploads\/2025\/01\/Digital-transformation-1.png 979w, https:\/\/www.trustdev.info\/wp-content\/uploads\/2025\/01\/Digital-transformation-1-300x197.png 300w, https:\/\/www.trustdev.info\/wp-content\/uploads\/2025\/01\/Digital-transformation-1-768x504.png 768w, https:\/\/www.trustdev.info\/wp-content\/uploads\/2025\/01\/Digital-transformation-1-600x393.png 600w\" sizes=\"(max-width: 979px) 100vw, 979px\" \/><\/div><\/div><\/div><\/div><div class=\"cz_gap clr  hide_on_mobile\" style=\"height: 100px\"><\/div><div class=\"cz_gap show_on_mobile clr\" style=\"height: 50px\"><\/div>[vc_column_text css=\u00a0\u00bb\u00a0\u00bb el_class=\u00a0\u00bbcenter_title mob_m2&Prime;]<\/p>\n<h2>Nos valeurs fondamentales : La base de l&rsquo;excellence de Trustdev<\/h2>\n<p>[\/vc_column_text][vc_row_inner el_class=\u00a0\u00bbservice_box_1&Prime;][vc_column_inner width=\u00a0\u00bb1\/2&Prime;]<div id=\"cz_78871\" class=\"cz_78871 services clr style11 left\"><div class=\"service_img\"><img decoding=\"async\" width=\"150\" height=\"150\" src=\"https:\/\/www.trustdev.info\/wp-content\/uploads\/2025\/01\/Innovation-trustdev-1.png\" class=\"service-icon attachment-thumbnail\" alt=\"\" title=\"Innovation-trustdev\" \/><\/div><div class=\"service_text\"><h3>Innovation<\/h3><div class=\"cz_wpe_content\">Nous adoptons la cr\u00e9ativit\u00e9 et la technologie pour offrir des solutions novatrices favorisant le progr\u00e8s.<\/div><\/div><\/div><div class=\"cz_gap clr \" style=\"height: 30px\"><\/div><div id=\"cz_64915\" class=\"cz_64915 services clr style11 left\"><div class=\"service_img\"><img decoding=\"async\" width=\"150\" height=\"150\" src=\"https:\/\/www.trustdev.info\/wp-content\/uploads\/2025\/01\/Commitment.png\" class=\"service-icon attachment-thumbnail\" alt=\"\" title=\"Commitment\" \/><\/div><div class=\"service_text\"><h3>Engagement<\/h3><div class=\"cz_wpe_content\">Nous sommes d\u00e9di\u00e9s au succ\u00e8s de nos clients, allant au-del\u00e0 pour atteindre leurs objectifs.<\/div><\/div><\/div>[\/vc_column_inner][vc_column_inner width=\u00a0\u00bb1\/2&Prime;]<div id=\"cz_48389\" class=\"cz_48389 services clr style11 left\"><div class=\"service_img\"><img decoding=\"async\" width=\"150\" height=\"150\" src=\"https:\/\/www.trustdev.info\/wp-content\/uploads\/2025\/01\/Accountability.png\" class=\"service-icon attachment-thumbnail\" alt=\"\" title=\"Accountability\" \/><\/div><div class=\"service_text\"><h3>Responsabilit\u00e9<\/h3><div class=\"cz_wpe_content\">Nous assumons nos actions, garantissant transparence et excellence.<\/div><\/div><\/div><div class=\"cz_gap clr \" style=\"height: 30px\"><\/div><div id=\"cz_19510\" class=\"cz_19510 services clr style11 left\"><div class=\"service_img\"><img decoding=\"async\" width=\"150\" height=\"150\" src=\"https:\/\/www.trustdev.info\/wp-content\/uploads\/2025\/01\/Team-Work.png\" class=\"service-icon attachment-thumbnail\" alt=\"\" title=\"Team-Work\" \/><\/div><div class=\"service_text\"><h3>Travail d'\u00e9quipe<\/h3><div class=\"cz_wpe_content\">La collaboration est au c\u0153ur de notre succ\u00e8s, car ensemble, nous accomplissons plus.<\/div><\/div><\/div>[\/vc_column_inner][\/vc_row_inner][\/vc_column][vc_column width=\u00a0\u00bb1\/12&Prime;][\/vc_column][\/vc_row][\/vc_section]<\/p>\n<\/div>","protected":false},"excerpt":{"rendered":"<p>[vc_section][vc_row][vc_column width=\u00a0\u00bb1\/12&Prime;][\/vc_column][vc_column width=\u00a0\u00bb10\/12&Prime;][vc_column_text css=\u00a0\u00bb\u00a0\u00bb el_class=\u00a0\u00bbcenter_title mob_m2&Prime;] Nous sommes une \u00e9quipe d&rsquo;experts &#8230; <\/p>\n","protected":false},"author":1,"featured_media":0,"parent":0,"menu_order":0,"comment_status":"closed","ping_status":"closed","template":"","meta":{"footnotes":""},"class_list":["post-338","page","type-page","status-publish","hentry"],"yoast_head":"<!-- This site is optimized with the Yoast SEO plugin v24.2 - https:\/\/yoast.com\/wordpress\/plugins\/seo\/ -->\n<title>\u00c0 propos - Trustdev<\/title>\n<meta name=\"description\" content=\"D\u00e9couvrez Trustdev, votre partenaire d&#039;innovation num\u00e9rique, offrant des solutions sur mesure pour la croissance de votre entreprise.\" \/>\n<meta name=\"robots\" content=\"index, follow, max-snippet:-1, max-image-preview:large, max-video-preview:-1\" \/>\n<link rel=\"canonical\" href=\"https:\/\/www.trustdev.info\/fr\/a-propos\/\" \/>\n<meta property=\"og:locale\" content=\"fr_FR\" \/>\n<meta property=\"og:type\" content=\"article\" \/>\n<meta property=\"og:title\" content=\"\u00c0 propos - Trustdev\" \/>\n<meta property=\"og:description\" content=\"D\u00e9couvrez Trustdev, votre partenaire d&#039;innovation num\u00e9rique, offrant des solutions sur mesure pour la croissance de votre entreprise.\" \/>\n<meta property=\"og:url\" content=\"https:\/\/www.trustdev.info\/fr\/a-propos\/\" \/>\n<meta property=\"og:site_name\" content=\"Trustdev\" \/>\n<meta property=\"article:publisher\" content=\"https:\/\/www.facebook.com\/trustdev.info\" \/>\n<meta property=\"article:modified_time\" content=\"2025-02-14T09:59:11+00:00\" \/>\n<meta name=\"twitter:card\" content=\"summary_large_image\" \/>\n<meta name=\"twitter:label1\" content=\"Est. reading time\" \/>\n\t<meta name=\"twitter:data1\" content=\"3 minutes\" \/>\n<script type=\"application\/ld+json\" class=\"yoast-schema-graph\">{\"@context\":\"https:\/\/schema.org\",\"@graph\":[{\"@type\":\"WebPage\",\"@id\":\"https:\/\/www.trustdev.info\/fr\/a-propos\/\",\"url\":\"https:\/\/www.trustdev.info\/fr\/a-propos\/\",\"name\":\"\u00c0 propos - Trustdev\",\"isPartOf\":{\"@id\":\"https:\/\/www.trustdev.info\/#website\"},\"datePublished\":\"2025-01-07T13:26:44+00:00\",\"dateModified\":\"2025-02-14T09:59:11+00:00\",\"description\":\"D\u00e9couvrez Trustdev, votre partenaire d'innovation num\u00e9rique, offrant des solutions sur mesure pour la croissance de votre entreprise.\",\"breadcrumb\":{\"@id\":\"https:\/\/www.trustdev.info\/fr\/a-propos\/#breadcrumb\"},\"inLanguage\":\"fr-FR\",\"potentialAction\":[{\"@type\":\"ReadAction\",\"target\":[\"https:\/\/www.trustdev.info\/fr\/a-propos\/\"]}]},{\"@type\":\"BreadcrumbList\",\"@id\":\"https:\/\/www.trustdev.info\/fr\/a-propos\/#breadcrumb\",\"itemListElement\":[{\"@type\":\"ListItem\",\"position\":1,\"name\":\"Home\",\"item\":\"https:\/\/www.trustdev.info\/fr\/\"},{\"@type\":\"ListItem\",\"position\":2,\"name\":\"\u00c0 propos\"}]},{\"@type\":\"WebSite\",\"@id\":\"https:\/\/www.trustdev.info\/#website\",\"url\":\"https:\/\/www.trustdev.info\/\",\"name\":\"Trustdev\",\"description\":\"\",\"publisher\":{\"@id\":\"https:\/\/www.trustdev.info\/#organization\"},\"potentialAction\":[{\"@type\":\"SearchAction\",\"target\":{\"@type\":\"EntryPoint\",\"urlTemplate\":\"https:\/\/www.trustdev.info\/?s={search_term_string}\"},\"query-input\":{\"@type\":\"PropertyValueSpecification\",\"valueRequired\":true,\"valueName\":\"search_term_string\"}}],\"inLanguage\":\"fr-FR\"},{\"@type\":\"Organization\",\"@id\":\"https:\/\/www.trustdev.info\/#organization\",\"name\":\"Trustdev\",\"url\":\"https:\/\/www.trustdev.info\/\",\"logo\":{\"@type\":\"ImageObject\",\"inLanguage\":\"fr-FR\",\"@id\":\"https:\/\/www.trustdev.info\/#\/schema\/logo\/image\/\",\"url\":\"https:\/\/www.trustdev.info\/wp-content\/uploads\/2025\/01\/trustdev.png\",\"contentUrl\":\"https:\/\/www.trustdev.info\/wp-content\/uploads\/2025\/01\/trustdev.png\",\"width\":305,\"height\":110,\"caption\":\"Trustdev\"},\"image\":{\"@id\":\"https:\/\/www.trustdev.info\/#\/schema\/logo\/image\/\"},\"sameAs\":[\"https:\/\/www.facebook.com\/trustdev.info\",\"https:\/\/www.linkedin.com\/company\/trustdev-co\/\"]}]}<\/script>\n<!-- \/ Yoast SEO plugin. -->","yoast_head_json":{"title":"\u00c0 propos - Trustdev","description":"D\u00e9couvrez Trustdev, votre partenaire d'innovation num\u00e9rique, offrant des solutions sur mesure pour la croissance de votre entreprise.","robots":{"index":"index","follow":"follow","max-snippet":"max-snippet:-1","max-image-preview":"max-image-preview:large","max-video-preview":"max-video-preview:-1"},"canonical":"https:\/\/www.trustdev.info\/fr\/a-propos\/","og_locale":"fr_FR","og_type":"article","og_title":"\u00c0 propos - Trustdev","og_description":"D\u00e9couvrez Trustdev, votre partenaire d'innovation num\u00e9rique, offrant des solutions sur mesure pour la croissance de votre entreprise.","og_url":"https:\/\/www.trustdev.info\/fr\/a-propos\/","og_site_name":"Trustdev","article_publisher":"https:\/\/www.facebook.com\/trustdev.info","article_modified_time":"2025-02-14T09:59:11+00:00","twitter_card":"summary_large_image","twitter_misc":{"Est. reading time":"3 minutes"},"schema":{"@context":"https:\/\/schema.org","@graph":[{"@type":"WebPage","@id":"https:\/\/www.trustdev.info\/fr\/a-propos\/","url":"https:\/\/www.trustdev.info\/fr\/a-propos\/","name":"\u00c0 propos - Trustdev","isPartOf":{"@id":"https:\/\/www.trustdev.info\/#website"},"datePublished":"2025-01-07T13:26:44+00:00","dateModified":"2025-02-14T09:59:11+00:00","description":"D\u00e9couvrez Trustdev, votre partenaire d'innovation num\u00e9rique, offrant des solutions sur mesure pour la croissance de votre entreprise.","breadcrumb":{"@id":"https:\/\/www.trustdev.info\/fr\/a-propos\/#breadcrumb"},"inLanguage":"fr-FR","potentialAction":[{"@type":"ReadAction","target":["https:\/\/www.trustdev.info\/fr\/a-propos\/"]}]},{"@type":"BreadcrumbList","@id":"https:\/\/www.trustdev.info\/fr\/a-propos\/#breadcrumb","itemListElement":[{"@type":"ListItem","position":1,"name":"Home","item":"https:\/\/www.trustdev.info\/fr\/"},{"@type":"ListItem","position":2,"name":"\u00c0 propos"}]},{"@type":"WebSite","@id":"https:\/\/www.trustdev.info\/#website","url":"https:\/\/www.trustdev.info\/","name":"Trustdev","description":"","publisher":{"@id":"https:\/\/www.trustdev.info\/#organization"},"potentialAction":[{"@type":"SearchAction","target":{"@type":"EntryPoint","urlTemplate":"https:\/\/www.trustdev.info\/?s={search_term_string}"},"query-input":{"@type":"PropertyValueSpecification","valueRequired":true,"valueName":"search_term_string"}}],"inLanguage":"fr-FR"},{"@type":"Organization","@id":"https:\/\/www.trustdev.info\/#organization","name":"Trustdev","url":"https:\/\/www.trustdev.info\/","logo":{"@type":"ImageObject","inLanguage":"fr-FR","@id":"https:\/\/www.trustdev.info\/#\/schema\/logo\/image\/","url":"https:\/\/www.trustdev.info\/wp-content\/uploads\/2025\/01\/trustdev.png","contentUrl":"https:\/\/www.trustdev.info\/wp-content\/uploads\/2025\/01\/trustdev.png","width":305,"height":110,"caption":"Trustdev"},"image":{"@id":"https:\/\/www.trustdev.info\/#\/schema\/logo\/image\/"},"sameAs":["https:\/\/www.facebook.com\/trustdev.info","https:\/\/www.linkedin.com\/company\/trustdev-co\/"]}]}},"_links":{"self":[{"href":"https:\/\/www.trustdev.info\/fr\/wp-json\/wp\/v2\/pages\/338","targetHints":{"allow":["GET"]}}],"collection":[{"href":"https:\/\/www.trustdev.info\/fr\/wp-json\/wp\/v2\/pages"}],"about":[{"href":"https:\/\/www.trustdev.info\/fr\/wp-json\/wp\/v2\/types\/page"}],"author":[{"embeddable":true,"href":"https:\/\/www.trustdev.info\/fr\/wp-json\/wp\/v2\/users\/1"}],"replies":[{"embeddable":true,"href":"https:\/\/www.trustdev.info\/fr\/wp-json\/wp\/v2\/comments?post=338"}],"version-history":[{"count":8,"href":"https:\/\/www.trustdev.info\/fr\/wp-json\/wp\/v2\/pages\/338\/revisions"}],"predecessor-version":[{"id":428,"href":"https:\/\/www.trustdev.info\/fr\/wp-json\/wp\/v2\/pages\/338\/revisions\/428"}],"wp:attachment":[{"href":"https:\/\/www.trustdev.info\/fr\/wp-json\/wp\/v2\/media?parent=338"}],"curies":[{"name":"wp","href":"https:\/\/api.w.org\/{rel}","templated":true}]}}